{"id":1214,"date":"2025-06-24T06:50:37","date_gmt":"2025-06-24T06:50:37","guid":{"rendered":"https:\/\/bigccslab.com\/?page_id=1214"},"modified":"2025-09-26T09:28:18","modified_gmt":"2025-09-26T09:28:18","slug":"news-events","status":"publish","type":"page","link":"https:\/\/www.bigccslab.com\/es\/news-events\/","title":{"rendered":"Noticias y eventos"},"content":{"rendered":"<div data-elementor-type=\"wp-page\" data-elementor-id=\"1214\" class=\"elementor elementor-1214\" data-elementor-settings=\"{&quot;element_pack_global_tooltip_width&quot;:{&quot;unit&quot;:&quot;px&quot;,&quot;size&quot;:&quot;&quot;,&quot;sizes&quot;:[]},&quot;element_pack_global_tooltip_width_tablet&quot;:{&quot;unit&quot;:&quot;px&quot;,&quot;size&quot;:&quot;&quot;,&quot;sizes&quot;:[]},&quot;element_pack_global_tooltip_width_mobile&quot;:{&quot;unit&quot;:&quot;px&quot;,&quot;size&quot;:&quot;&quot;,&quot;sizes&quot;:[]},&quot;element_pack_global_tooltip_padding&quot;:{&quot;unit&quot;:&quot;px&quot;,&quot;top&quot;:&quot;&quot;,&quot;right&quot;:&quot;&quot;,&quot;bottom&quot;:&quot;&quot;,&quot;left&quot;:&quot;&quot;,&quot;isLinked&quot;:true},&quot;element_pack_global_tooltip_padding_tablet&quot;:{&quot;unit&quot;:&quot;px&quot;,&quot;top&quot;:&quot;&quot;,&quot;right&quot;:&quot;&quot;,&quot;bottom&quot;:&quot;&quot;,&quot;left&quot;:&quot;&quot;,&quot;isLinked&quot;:true},&quot;element_pack_global_tooltip_padding_mobile&quot;:{&quot;unit&quot;:&quot;px&quot;,&quot;top&quot;:&quot;&quot;,&quot;right&quot;:&quot;&quot;,&quot;bottom&quot;:&quot;&quot;,&quot;left&quot;:&quot;&quot;,&quot;isLinked&quot;:true},&quot;element_pack_global_tooltip_border_radius&quot;:{&quot;unit&quot;:&quot;px&quot;,&quot;top&quot;:&quot;&quot;,&quot;right&quot;:&quot;&quot;,&quot;bottom&quot;:&quot;&quot;,&quot;left&quot;:&quot;&quot;,&quot;isLinked&quot;:true},&quot;element_pack_global_tooltip_border_radius_tablet&quot;:{&quot;unit&quot;:&quot;px&quot;,&quot;top&quot;:&quot;&quot;,&quot;right&quot;:&quot;&quot;,&quot;bottom&quot;:&quot;&quot;,&quot;left&quot;:&quot;&quot;,&quot;isLinked&quot;:true},&quot;element_pack_global_tooltip_border_radius_mobile&quot;:{&quot;unit&quot;:&quot;px&quot;,&quot;top&quot;:&quot;&quot;,&quot;right&quot;:&quot;&quot;,&quot;bottom&quot;:&quot;&quot;,&quot;left&quot;:&quot;&quot;,&quot;isLinked&quot;:true}}\" data-elementor-post-type=\"page\">\n\t\t\t\t<div class=\"elementor-element elementor-element-5534512 e-con-full e-flex magic-button-disabled-no e-con e-parent\" data-id=\"5534512\" data-element_type=\"container\" data-settings=\"{&quot;background_background&quot;:&quot;classic&quot;}\">\n\t\t<div class=\"elementor-element elementor-element-432e9d8 e-flex e-con-boxed magic-button-disabled-no e-con e-child\" data-id=\"432e9d8\" data-element_type=\"container\">\n\t\t\t\t\t<div class=\"e-con-inner\">\n\t\t<div class=\"elementor-element elementor-element-543e128 e-con-full e-flex magic-button-disabled-no e-con e-child\" data-id=\"543e128\" data-element_type=\"container\" data-settings=\"{&quot;background_background&quot;:&quot;classic&quot;}\">\n\t\t\t\t<div class=\"elementor-element elementor-element-22df046 elementor-widget elementor-widget-heading\" data-id=\"22df046\" data-element_type=\"widget\" data-widget_type=\"heading.default\">\n\t\t\t\t<div class=\"elementor-widget-container\">\n\t\t\t\t\t<h1 class=\"elementor-heading-title elementor-size-default\">Noticias y eventos<\/h1>\t\t\t\t<\/div>\n\t\t\t\t<\/div>\n\t\t\t\t<div class=\"elementor-element elementor-element-e5657d2 elementor-widget-divider--view-line elementor-widget elementor-widget-divider\" data-id=\"e5657d2\" data-element_type=\"widget\" data-widget_type=\"divider.default\">\n\t\t\t\t<div class=\"elementor-widget-container\">\n\t\t\t\t\t\t\t<div class=\"elementor-divider\">\n\t\t\t<span class=\"elementor-divider-separator\">\n\t\t\t\t\t\t<\/span>\n\t\t<\/div>\n\t\t\t\t\t\t<\/div>\n\t\t\t\t<\/div>\n\t\t\t\t<div class=\"elementor-element elementor-element-7a1e4f7 elementor-widget elementor-widget-text-editor\" data-id=\"7a1e4f7\" data-element_type=\"widget\" data-widget_type=\"text-editor.default\">\n\t\t\t\t<div class=\"elementor-widget-container\">\n\t\t\t\t\t\t\t\t\t<div data-page-id=\"AciqdFEsFoXkgBxNSb4cxvsQnZp\" data-lark-html-role=\"root\" data-docx-has-block-data=\"false\"><div class=\"ace-line ace-line old-record-id-FyzWdmgCLodHlaxcC8GcqEDcnMb\"><div data-page-id=\"DtXcdxeJPoiREfxk5D6cUZT1nef\" data-lark-html-role=\"root\" data-docx-has-block-data=\"false\"><div class=\"ace-line ace-line old-record-id-YyDNddPhTo6YTcxO2W4cvRohndb\"><div data-page-id=\"AciqdFEsFoXkgBxNSb4cxvsQnZp\" data-lark-html-role=\"root\" data-docx-has-block-data=\"false\"><div class=\"ace-line ace-line old-record-id-FyzWdmgCLodHlaxcC8GcqEDcnMb\"><div data-page-id=\"GRD8dg36aoni0KxZAaWcFSb3nLd\" data-lark-html-role=\"root\" data-docx-has-block-data=\"false\"><div class=\"ace-line ace-line old-record-id-SyVedogXQoEIVSxCY0LcoioRnEb\"><div data-page-id=\"FsWMdGZx2oAuzBxIZioc2YMGnDc\" data-lark-html-role=\"root\" data-docx-has-block-data=\"false\"><div class=\"ace-line ace-line old-record-id-L8a2dIXc0o4BwxxPHRscHnzdnEO\"><div data-page-id=\"RdMqdf1gCoBa5ZxI9Rxc8cS6nae\" data-lark-html-role=\"root\" data-docx-has-block-data=\"false\"><div class=\"ace-line ace-line old-record-id-VSu1dIDJzoH03exlOXZcLHqLnfg\"><div data-page-id=\"CbuddixMuoXD4rxTOhDcHIk2neh\" data-lark-html-role=\"root\" data-docx-has-block-data=\"false\"><div class=\"ace-line ace-line old-record-id-YW1Fd8ZCXoaQvIxb5EecZMUTng6\"><div data-page-id=\"NhfBdgmbpoN3TcxhTlbcBKbTnRd\" data-lark-html-role=\"root\" data-docx-has-block-data=\"false\"><div class=\"ace-line ace-line old-record-id-KlfVdHCubovmB2xjglCcB8GDnOe\"><div data-page-id=\"NhfBdgmbpoN3TcxhTlbcBKbTnRd\" data-lark-html-role=\"root\" data-docx-has-block-data=\"false\"><div class=\"ace-line ace-line old-record-id-KlfVdHCubovmB2xjglCcB8GDnOe\">Mant\u00e9ngase informado con las \u00faltimas novedades de la empresa, las exposiciones internacionales y los hitos de BIGCC.<\/div><\/div><\/div><\/div><\/div><\/div><\/div><\/div><\/div><\/div><\/div><\/div><\/div><\/div><\/div><\/div><\/div><\/div>\t\t\t\t\t\t\t\t<\/div>\n\t\t\t\t<\/div>\n\t\t\t\t<\/div>\n\t\t<div class=\"elementor-element elementor-element-c9e58ea e-con-full elementor-hidden-mobile e-flex magic-button-disabled-no e-con e-child\" data-id=\"c9e58ea\" data-element_type=\"container\">\n\t\t\t\t<\/div>\n\t\t\t\t\t<\/div>\n\t\t\t\t<\/div>\n\t\t\t\t<\/div>\n\t\t<div class=\"elementor-element elementor-element-4677187 e-con-full e-flex magic-button-disabled-no e-con e-parent\" data-id=\"4677187\" data-element_type=\"container\" data-settings=\"{&quot;background_background&quot;:&quot;classic&quot;}\">\n\t\t<div class=\"elementor-element elementor-element-446f6eb e-flex e-con-boxed magic-button-disabled-no e-con e-child\" data-id=\"446f6eb\" data-element_type=\"container\">\n\t\t\t\t\t<div class=\"e-con-inner\">\n\t\t\t\t<div class=\"elementor-element elementor-element-f12957e elementor-widget elementor-widget-pp-breadcrumbs\" data-id=\"f12957e\" data-element_type=\"widget\" data-settings=\"{&quot;breadcrumbs_type&quot;:&quot;powerpack&quot;}\" data-widget_type=\"pp-breadcrumbs.default\">\n\t\t\t\t<div class=\"elementor-widget-container\">\n\t\t\t\t\t<ul class=\"pp-breadcrumbs pp-breadcrumbs-powerpack\">\t\t<li class=\"pp-breadcrumbs-item pp-breadcrumbs-item-home\">\n\t\t\t<a class=\"pp-breadcrumbs-crumb pp-breadcrumbs-crumb-link pp-breadcrumbs-crumb-home\" href=\"https:\/\/www.bigccslab.com\/es\" title=\"Inicio\">\n\t\t\t\t<span class=\"pp-breadcrumbs-text\">\n\t\t\t\t\t\t\t\t\t\tInicio\t\t\t\t<\/span>\n\t\t\t<\/a>\n\t\t<\/li>\n\t\t<li class=\"pp-breadcrumbs-separator\">\t\t\t\t<span class='pp-separator-icon pp-icon'>\n\t\t\t\t\t<i aria-hidden=\"true\" class=\"fas fa-angle-right\"><\/i>\t\t\t\t<\/span>\n\t\t\t\t<\/li><\/ul>\t\t\t\t<\/div>\n\t\t\t\t<\/div>\n\t\t\t\t\t<\/div>\n\t\t\t\t<\/div>\n\t\t\t\t<\/div>\n\t\t<div class=\"elementor-element elementor-element-175c542 e-con-full e-flex magic-button-disabled-no e-con e-parent\" data-id=\"175c542\" data-element_type=\"container\">\n\t\t<div class=\"elementor-element elementor-element-5794d61 e-flex e-con-boxed magic-button-disabled-no e-con e-child\" data-id=\"5794d61\" data-element_type=\"container\">\n\t\t\t\t\t<div class=\"e-con-inner\">\n\t\t<div class=\"elementor-element elementor-element-34d006e e-con-full e-flex magic-button-disabled-no e-con e-child\" data-id=\"34d006e\" data-element_type=\"container\" data-settings=\"{&quot;sticky&quot;:&quot;top&quot;,&quot;sticky_offset&quot;:110,&quot;sticky_parent&quot;:&quot;yes&quot;,&quot;sticky_on&quot;:[&quot;desktop&quot;,&quot;tablet&quot;],&quot;sticky_effects_offset&quot;:0,&quot;sticky_anchor_link_offset&quot;:0}\">\n\t\t\t\t<div class=\"elementor-element elementor-element-ac7e3f8 elementor-widget elementor-widget-heading\" data-id=\"ac7e3f8\" data-element_type=\"widget\" data-widget_type=\"heading.default\">\n\t\t\t\t<div class=\"elementor-widget-container\">\n\t\t\t\t\t<h4 class=\"elementor-heading-title elementor-size-default\">Categor\u00edas:<\/h4>\t\t\t\t<\/div>\n\t\t\t\t<\/div>\n\t\t\t\t<div class=\"elementor-element elementor-element-1faa5f6 elementor-widget-divider--view-line elementor-widget elementor-widget-divider\" data-id=\"1faa5f6\" data-element_type=\"widget\" data-widget_type=\"divider.default\">\n\t\t\t\t<div class=\"elementor-widget-container\">\n\t\t\t\t\t\t\t<div class=\"elementor-divider\">\n\t\t\t<span class=\"elementor-divider-separator\">\n\t\t\t\t\t\t<\/span>\n\t\t<\/div>\n\t\t\t\t\t\t<\/div>\n\t\t\t\t<\/div>\n\t\t\t\t<div class=\"elementor-element elementor-element-ce6a022 elementor-widget elementor-widget-ucaddon_ue_checkboxes_filter\" data-id=\"ce6a022\" data-element_type=\"widget\" data-widget_type=\"ucaddon_ue_checkboxes_filter.default\">\n\t\t\t\t<div class=\"elementor-widget-container\">\n\t\t\t\t\t\n<!-- start Checkboxes Filter -->\n<style>\/* widget: Checkboxes Filter *\/\n\n#uc_ue_checkboxes_filter_elementor_ce6a022 {\n  width:100%;\n  display:flex;\n  position: relative;\n}\n\n\n#uc_ue_checkboxes_filter_elementor_ce6a022 .ue_checkbox_container {\n  display:flex;\n  flex-wrap: wrap;\n  max-width:100%;\n  }\n\n\n#uc_ue_checkboxes_filter_elementor_ce6a022-container.uc-hidden{\n  display: none !important;\n}\n\n\n#uc_ue_checkboxes_filter_elementor_ce6a022-accordion-button-wrapper{\n\tdisplay: flex;\n}\n\n#uc_ue_checkboxes_filter_elementor_ce6a022-accordion-button{\n  \tdisplay: flex;\n  \talign-items: center;\n  \tjustify-content: center;\n  \tcursor: pointer;\n  \ttransition: all .3s;\n}\n\n#uc_ue_checkboxes_filter_elementor_ce6a022-accordion-button .uc-checkbox-filter-accordion-icon{\n\ttransition: all .3s;\n}\n\n#uc_ue_checkboxes_filter_elementor_ce6a022 .uc-checkbox-filter_label{\n  display: flex;\n  align-items: center;\n  position: relative;\n  transition-duration: 300ms;\n}\n#uc_ue_checkboxes_filter_elementor_ce6a022 .uc-checkbox-filter__checkbox{\n  position: absolute;\n  opacity: 0;\n}\n#uc_ue_checkboxes_filter_elementor_ce6a022 .uc-checkbox-filter__checkboxt + .uc-checkbox-filter_label{\n  position: relative;\n  cursor: pointer;\n  padding: 0;\n}\n\n#uc_ue_checkboxes_filter_elementor_ce6a022 .uc-checkbox-filter__checkbox + .uc-checkbox-filter_label:before{\n  content: \"\";\n  display: inline-block;\n  vertical-align: text-top;\n  transition-duration: 300ms;\n  cursor: pointer;\n}\n\n#uc_ue_checkboxes_filter_elementor_ce6a022 .uc-checkbox-filter__checkbox:checked + .uc-checkbox-filter_label:after {\n  content: \"\";\n  position: absolute;\n  transition-duration: 300ms;\n  width:2px;\n  height:2px;\n  transform: rotate(45deg); \n}\n\n#uc_ue_checkboxes_filter_elementor_ce6a022.uc-filter-initing .ue_taxonomy_item_title {\n   background-color:lightgray !important;\n   color:lightgray !important;\n}\n\n#uc_ue_checkboxes_filter_elementor_ce6a022.uc-filter-hidden,\n#uc_ue_checkboxes_filter_elementor_ce6a022.uc-filter-initing.uc-initing-filter-hidden{\n  display:none !important;\n}\n\n\n#uc_ue_checkboxes_filter_elementor_ce6a022 .ue_taxonomy_item\n{\n display:flex;\n align-items:center;\n line-height: inherit;\n}\n\n#uc_ue_checkboxes_filter_elementor_ce6a022 .ue_taxonomy_item.uc-hidden,\n#uc_ue_checkboxes_filter_elementor_ce6a022 .ue_taxonomy_item.uc-hide-loading-item{\n display:none;\n}\n\n\n#uc_ue_checkboxes_filter_elementor_ce6a022 .ue_taxonomy_item_num_posts_spacer\n{\n  flex-grow:0;\n  flex-shrink:0;\n}\n\n#uc_ue_checkboxes_filter_elementor_ce6a022 .ue_taxonomy_item_num_posts\n{\n  flex-grow:0;\n  flex-shrink:0;\n}\n\n\n\n\n\n\n<\/style>\n\n\n<div class=\"ue_taxonomy_toggle\" id=\"uc_ue_checkboxes_filter_elementor_ce6a022-toggle\">\n  <div class=\"ue_taxonomy_toggle_icon\">\n    <div class=\"ue_taxonomy_toggle_icon_open\"><\/div>\n    <div class=\"ue_taxonomy_toggle_icon_close\"><\/div>\n  <\/div>\n<\/div>\n\n\n<div id=\"uc_ue_checkboxes_filter_elementor_ce6a022-container\" >\n  \n<div id=\"uc_ue_checkboxes_filter_elementor_ce6a022\" class=\"ue_taxonomy  uc-grid-filter uc-checkbox-filter\" data-isfilter=\"\" data-role=\"single\" data-filtertype=\"general\" data-generaltype=\"checkbox\"  data-replace-mode=\"true\" data-show-see-more=\"false\" data-show-clear-button=\"false\" data-operator=\"or\" style=''>\n  \n  \n    \n    \n  <div class=\"ue_checkbox_container\" >\n    \n    \t<label href=\"javascript:void(0)\" class=\"ue_taxonomy_item\"  data-id=\"215\" data-type=\"term\" data-slug=\"company-news\" data-taxonomy=\"category\" data-title=\"Company News\" data-key=\"term|category|company-news\"   aria-label=\"t\u00e9rmino\">\n      \n      <input type=\"checkbox\" class=\"uc-checkbox-filter__checkbox\" >\n          \n      <span  class=\"ue_taxonomy_item_title uc-checkbox-filter_label\">Noticias de la empresa<\/span>\n      \n      \n    <\/label>\n    \t<label href=\"javascript:void(0)\" class=\"ue_taxonomy_item\"  data-id=\"217\" data-type=\"term\" data-slug=\"exhibitions\" data-taxonomy=\"category\" data-title=\"Exhibitions\" data-key=\"term|category|exhibitions\"   aria-label=\"t\u00e9rmino\">\n      \n      <input type=\"checkbox\" class=\"uc-checkbox-filter__checkbox\" >\n          \n      <span  class=\"ue_taxonomy_item_title uc-checkbox-filter_label\">Exposiciones<\/span>\n      \n      \n    <\/label>\n    \t<label href=\"javascript:void(0)\" class=\"ue_taxonomy_item\"  data-id=\"216\" data-type=\"term\" data-slug=\"product-launches\" data-taxonomy=\"category\" data-title=\"Product Launches\" data-key=\"term|category|product-launches\"   aria-label=\"t\u00e9rmino\">\n      \n      <input type=\"checkbox\" class=\"uc-checkbox-filter__checkbox\" >\n          \n      <span  class=\"ue_taxonomy_item_title uc-checkbox-filter_label\">Lanzamientos de productos<\/span>\n      \n      \n    <\/label>\n      \n      \n  \n  <\/div>\n\n<\/div>\n\n\n<\/div>\n\n<!-- end Checkboxes Filter -->\t\t\t\t<\/div>\n\t\t\t\t<\/div>\n\t\t\t\t<div class=\"elementor-element elementor-element-82a4749 elementor-widget elementor-widget-ucaddon_clear_filters_button\" data-id=\"82a4749\" data-element_type=\"widget\" data-widget_type=\"ucaddon_clear_filters_button.default\">\n\t\t\t\t<div class=\"elementor-widget-container\">\n\t\t\t\t\t\n<!-- start Clear Filters -->\n\t\t<link id='font-awesome-css' href='https:\/\/www.bigccslab.com\/wp-content\/plugins\/unlimited-elements-for-elementor-premium\/assets_libraries\/font-awesome6\/fontawesome-all.min.css' type='text\/css' rel='stylesheet' >\n\t\t<link id='font-awesome-4-shim-css' href='https:\/\/www.bigccslab.com\/wp-content\/plugins\/unlimited-elements-for-elementor-premium\/assets_libraries\/font-awesome6\/fontawesome-v4-shims.min.css' type='text\/css' rel='stylesheet' >\n\n<style>\/* widget: Clear Filters *\/\n\n#uc_clear_filters_button_elementor_82a4749 .uc-button-clear{\n  \ttransition: all .3s;\n}\n#uc_clear_filters_button_elementor_82a4749 .uc-button-clear{\n    align-items:center;\n}\n#uc_clear_filters_button_elementor_82a4749 .uc-button-clear svg{\n  width:1em;\n  height:1em;\n}\n #uc_clear_filters_button_elementor_82a4749 .uc-button-clear.uc-hidden{\n            display: none;\n     }\n\n\n<\/style>\n\n<div id=\"uc_clear_filters_button_elementor_82a4749\" class=\"uc-grid-filter uc-button-clear-wrapper\" data-filtertype=\"general\" data-generaltype=\"clear\" data-norefresh=\"true\" >\n\t\n  <button class=\"uc-button-clear uc-hidden\" disabled> Borrar todos los filtros <\/button>\n    \n<\/div>\n<!-- end Clear Filters -->\t\t\t\t<\/div>\n\t\t\t\t<\/div>\n\t\t\t\t<\/div>\n\t\t<div class=\"elementor-element elementor-element-54c7223 e-con-full e-flex magic-button-disabled-no e-con e-child\" data-id=\"54c7223\" data-element_type=\"container\">\n\t\t<div class=\"elementor-element elementor-element-c78e4a2 e-con-full e-flex magic-button-disabled-no e-con e-child\" data-id=\"c78e4a2\" data-element_type=\"container\">\n\t\t\t\t<div class=\"elementor-element elementor-element-92588c0 elementor-widget__width-initial elementor-widget elementor-widget-ucaddon_post_blocks\" data-id=\"92588c0\" data-element_type=\"widget\" data-widget_type=\"ucaddon_post_blocks.default\">\n\t\t\t\t<div class=\"elementor-widget-container\">\n\t\t\t\t\t\n<!-- start Post Blocks -->\n\n<style>\/* widget: Post Blocks *\/\n\n\n\n#uc_post_blocks_elementor_92588c0 {\n    display:grid;\n}\n#uc_post_blocks_elementor_92588c0 .ue_post_blocks_box\n{\n  overflow:hidden;\n}\n\n#uc_post_blocks_elementor_92588c0 .ue_post_blocks_image\n{\n  overflow:hidden;\n}\n#uc_post_blocks_elementor_92588c0 .ue_post_blocks_image img\n{\n  width:100%;\n  display:block;\n}\n#uc_post_blocks_elementor_92588c0 .ue_post_blocks_link a\n{\n  display:inline-block;\n  text-decoration:none;\n  text-align:center;\n}\n\n\n#uc_post_blocks_elementor_92588c0 .ue-grid-item-meta-data\n{\n  display:inlin-flex;\n  flex-wrap: wrap;\n}\n\n.ue-grid-item-meta-data\n{\n  font-size:12px;\n}\n\n#uc_post_blocks_elementor_92588c0 .ue-grid-item-meta-data-icon\n{\n  line-height:1em;\n}\n\n#uc_post_blocks_elementor_92588c0 .ue-grid-item-meta-data-icon svg\n{\n  width:1em;\n  height:1em;\n}\n\n#uc_post_blocks_elementor_92588c0 .ue_post_blocks_box{\n  display: flex;\n  flex-direction: column;\n}\n#uc_post_blocks_elementor_92588c0 .ue_post_blocks_content{\n display: flex; flex-grow: 1;\n flex-direction: column;\n}\n#uc_post_blocks_elementor_92588c0 .ue_post_blocks_link{ margin-top: auto;\n}\n\n.ue-grid-item-category a\n{\n  display:inline-block;\n  font-size:10px;\n  text-transform:uppercase;\n}\n\n\n\n\n<\/style>\n\n<div id=\"uc_post_blocks_elementor_92588c0\" class=\"ue_post_blocks uc-items-wrapper uc-filterable-grid\"  data-ajax='true'  data-filterbehave='ajax'  querydata='{&quot;count_posts&quot;:2,&quot;total_posts&quot;:2,&quot;page&quot;:1,&quot;num_pages&quot;:1}'>\n    <div class=\"ue_post_blocks_box\">\n    <div class=\"ue_post_blocks_image\">\n    <a href=\"https:\/\/www.bigccslab.com\/es\/factory-direct-sintered-stone-manufacturer-since-2006-2-2\/\" style=\"display:block;\"><img loading=\"lazy\" decoding=\"async\" src=\"https:\/\/www.bigccslab.com\/wp-content\/uploads\/2025\/09\/\u56fd\u5e86\u6d77\u62a5-scaled.jpg\"  alt=\"Cartel del D\u00eda Nacional\" width=\"1280\" height=\"2560\"><\/a>\n  <\/div>\n    <div class=\"ue_post_blocks_content\">\n      \n     \n               <div class=\"ue-grid-item-meta-data\">\n            <div class=\"ue-grid-item-meta-data-date\"><span class=\"ue-grid-item-meta-data-icon\"><i class='fas fa-calendar-week'><\/i><\/span> 29 de septiembre de 2025<\/div>                    \t  \n    \t<\/div>\n         \n    <div class=\"ue_post_blocks_title\"><a href=\"https:\/\/www.bigccslab.com\/es\/factory-direct-sintered-stone-manufacturer-since-2006-2-2\/\">CELEBRACI\u00d3N DEL 76.\u00ba D\u00cdA NACIONAL DE LA REP\u00daBLICA POPULAR CHINA<\/a><\/div>    \n        \n    \n    <div class=\"ue_post_blocks_text\"><\/div>        \t<div class=\"ue_post_blocks_link\">\n          <a class=\"\" href='https:\/\/www.bigccslab.com\/es\/factory-direct-sintered-stone-manufacturer-since-2006-2-2\/'>Leer m\u00e1s<\/a>\n    \t<\/div>\n      <\/div>\n<\/div>\n<div class=\"ue_post_blocks_box\">\n    <div class=\"ue_post_blocks_image\">\n    <a href=\"https:\/\/www.bigccslab.com\/es\/factory-direct-sintered-stone-manufacturer-since-2006-2\/\" style=\"display:block;\"><img loading=\"lazy\" decoding=\"async\" src=\"https:\/\/www.bigccslab.com\/wp-content\/uploads\/2025\/09\/\u5fae\u4fe1\u56fe\u7247_2025-09-26_165534_415.webp\"  alt=\"_2025-09-26_165534_415\" width=\"1600\" height=\"1067\"><\/a>\n  <\/div>\n    <div class=\"ue_post_blocks_content\">\n      \n     \n               <div class=\"ue-grid-item-meta-data\">\n            <div class=\"ue-grid-item-meta-data-date\"><span class=\"ue-grid-item-meta-data-icon\"><i class='fas fa-calendar-week'><\/i><\/span> 25 de septiembre de 2025<\/div>                    \t  \n    \t<\/div>\n         \n    <div class=\"ue_post_blocks_title\"><a href=\"https:\/\/www.bigccslab.com\/es\/factory-direct-sintered-stone-manufacturer-since-2006-2\/\">Celebrando el Festival de Medio Oto\u00f1o<\/a><\/div>    \n        \n    \n    <div class=\"ue_post_blocks_text\">El 25 de septiembre, nuestra empresa entreg\u00f3 obsequios del Festival de Medio Oto\u00f1o a nuestros empleados.<\/div>        \t<div class=\"ue_post_blocks_link\">\n          <a class=\"\" href='https:\/\/www.bigccslab.com\/es\/factory-direct-sintered-stone-manufacturer-since-2006-2\/'>Leer m\u00e1s<\/a>\n    \t<\/div>\n      <\/div>\n<\/div>\n\n<\/div>\n<!-- end Post Blocks -->\t\t\t\t<\/div>\n\t\t\t\t<\/div>\n\t\t\t\t<div class=\"elementor-element elementor-element-25cba94 elementor-widget elementor-widget-ucaddon_archive_pagination\" data-id=\"25cba94\" data-element_type=\"widget\" data-widget_type=\"ucaddon_archive_pagination.default\">\n\t\t\t\t<div class=\"elementor-widget-container\">\n\t\t\t\t\t\n<!-- start Post Pagination -->\n\n<style>\/* widget: Post Pagination *\/\n\n#uc_archive_pagination_elementor_25cba94 nav{\n  padding:0px;\n  margin:0px;\n}\n\n#uc_archive_pagination_elementor_25cba94 {\n  display:flex;\n  flex-wrap: wrap;\n  justify-content:center;\n}\n\n#uc_archive_pagination_elementor_25cba94 .nav-links{\n  display:flex;\n  justify-content:center;\n}\n\n#uc_archive_pagination_elementor_25cba94 .page-numbers{\n  display:flex;  \n  align-items:center;\n  justify-content:center;\n  transition:0.3s;\n  line-height:1em;\n}\n\n#uc_archive_pagination_elementor_25cba94 a.page-numbers, \n#uc_archive_pagination_elementor_25cba94 .dots{\n  color:#FFFFFF;\n  background-color:#115C3B;\n}\n\n#uc_archive_pagination_elementor_25cba94 a.page-numbers:hover{\n  color:#115C3B;\n  background-color:#FCCF00;\n}\n\n#uc_archive_pagination_elementor_25cba94 .page-numbers.current,\n#uc_archive_pagination_elementor_25cba94 .page-numbers.current:hover{\n  background-color:#FCCF00;\n  color:#115C3B;\n}\n\n#uc_archive_pagination_elementor_25cba94 .page-numbers.prev, #uc_archive_pagination_elementor_25cba94 .page-numbers.next{\n  padding-left:15px;\n  padding-right:15px;\n}\n\n\n  #uc_archive_pagination_elementor_25cba94 .archive_pagination-icons{\n    display: none;\n  }\n\n  #uc_archive_pagination_elementor_25cba94 .archive_pagination-prev-icon {     \n            padding-right:10px;\n       }\n\n  #uc_archive_pagination_elementor_25cba94 .archive_pagination-next-icon {\n            padding-left:10px;\n       }\n\n\n#uc_archive_pagination_elementor_25cba94.uc-ajax-loading{\n\topacity:1 !important;\n}\n\n#uc_archive_pagination_elementor_25cba94.uc-ajax-loading .current{\n\tposition:relative;\n    overflow:hidden;\n}\n\n\n  #uc_archive_pagination_elementor_25cba94.uc-ajax-loading .current:before{\n    content: \"\";\n    display:block;\n    width:100%;\n    height:100%;\n    box-sizing:border-box;\n    position:absolute;\n    top:0px;\n    left:0px;\n    background-color: #c2c2c2;\n    animation: uc-spinning-border 0.5s linear infinite;\n    opacity:50%;\n    border-radius:inherit;\n  }\n\n  @keyframes uc-spinning-border {\n      0%{transform: scale(0);}\n      100%{transform: scale(1); }\t\n  }\n\n\n\n<\/style>\n\n<div id=\"uc_archive_pagination_elementor_25cba94\" class=\"archive_pagination uc-filter-pagination\">\n    \n  <div class=\"archive_pagination-icons\">\n    <span class=\"archive_pagination-next-icon\"><i class='fas fa-chevron-right'><\/i><\/span>\n    <span class=\"archive_pagination-prev-icon\"><i class='fas fa-chevron-left'><\/i><\/span>\n  <\/div>\n<\/div>\n<!-- end Post Pagination -->\t\t\t\t<\/div>\n\t\t\t\t<\/div>\n\t\t\t\t<\/div>\n\t\t\t\t<\/div>\n\t\t\t\t\t<\/div>\n\t\t\t\t<\/div>\n\t\t\t\t<\/div>\n\t\t\t\t<\/div>","protected":false},"excerpt":{"rendered":"<p>Noticias y eventos Mant\u00e9ngase al d\u00eda con las \u00faltimas novedades de la empresa, las ferias internacionales y los hitos de BIGCC. Inicio Categor\u00edas: Noticias de la empresa Ferias Lanzamientos de productos Borrar todos los filtros 25 de septiembre de 2025 Celebraci\u00f3n del Festival del Medio Oto\u00f1o El 25 de septiembre, nuestra empresa reparti\u00f3 obsequios con motivo del Festival del Medio Oto\u00f1o entre los empleados. Leer m\u00e1s Anterior 1 2 3 4 5 Siguiente<\/p>","protected":false},"author":4,"featured_media":0,"parent":0,"menu_order":0,"comment_status":"closed","ping_status":"closed","template":"elementor_header_footer","meta":{"_acf_changed":false,"_seopress_robots_primary_cat":"","_seopress_titles_title":"BIGCC Highlights \u2013 News, Launches and Global Trade Shows","_seopress_titles_desc":"Stay updated with BIGCC news, product launches, and exhibitions. Explore company milestones and industry events shaping the sintered stone sector.","_seopress_robots_index":"","footnotes":""},"class_list":["post-1214","page","type-page","status-publish","hentry"],"acf":[],"_links":{"self":[{"href":"https:\/\/www.bigccslab.com\/es\/wp-json\/wp\/v2\/pages\/1214","targetHints":{"allow":["GET"]}}],"collection":[{"href":"https:\/\/www.bigccslab.com\/es\/wp-json\/wp\/v2\/pages"}],"about":[{"href":"https:\/\/www.bigccslab.com\/es\/wp-json\/wp\/v2\/types\/page"}],"author":[{"embeddable":true,"href":"https:\/\/www.bigccslab.com\/es\/wp-json\/wp\/v2\/users\/4"}],"replies":[{"embeddable":true,"href":"https:\/\/www.bigccslab.com\/es\/wp-json\/wp\/v2\/comments?post=1214"}],"version-history":[{"count":0,"href":"https:\/\/www.bigccslab.com\/es\/wp-json\/wp\/v2\/pages\/1214\/revisions"}],"wp:attachment":[{"href":"https:\/\/www.bigccslab.com\/es\/wp-json\/wp\/v2\/media?parent=1214"}],"curies":[{"name":"wp","href":"https:\/\/api.w.org\/{rel}","templated":true}]}}