{"id":1230,"date":"2025-06-24T06:51:24","date_gmt":"2025-06-24T06:51:24","guid":{"rendered":"https:\/\/bigccslab.com\/?page_id=1230"},"modified":"2025-09-18T01:57:38","modified_gmt":"2025-09-18T01:57:38","slug":"blogs","status":"publish","type":"page","link":"https:\/\/www.bigccslab.com\/es\/blogs\/","title":{"rendered":"Blogs"},"content":{"rendered":"<div data-elementor-type=\"wp-page\" data-elementor-id=\"1230\" class=\"elementor elementor-1230\" data-elementor-settings=\"{&quot;element_pack_global_tooltip_width&quot;:{&quot;unit&quot;:&quot;px&quot;,&quot;size&quot;:&quot;&quot;,&quot;sizes&quot;:[]},&quot;element_pack_global_tooltip_width_tablet&quot;:{&quot;unit&quot;:&quot;px&quot;,&quot;size&quot;:&quot;&quot;,&quot;sizes&quot;:[]},&quot;element_pack_global_tooltip_width_mobile&quot;:{&quot;unit&quot;:&quot;px&quot;,&quot;size&quot;:&quot;&quot;,&quot;sizes&quot;:[]},&quot;element_pack_global_tooltip_padding&quot;:{&quot;unit&quot;:&quot;px&quot;,&quot;top&quot;:&quot;&quot;,&quot;right&quot;:&quot;&quot;,&quot;bottom&quot;:&quot;&quot;,&quot;left&quot;:&quot;&quot;,&quot;isLinked&quot;:true},&quot;element_pack_global_tooltip_padding_tablet&quot;:{&quot;unit&quot;:&quot;px&quot;,&quot;top&quot;:&quot;&quot;,&quot;right&quot;:&quot;&quot;,&quot;bottom&quot;:&quot;&quot;,&quot;left&quot;:&quot;&quot;,&quot;isLinked&quot;:true},&quot;element_pack_global_tooltip_padding_mobile&quot;:{&quot;unit&quot;:&quot;px&quot;,&quot;top&quot;:&quot;&quot;,&quot;right&quot;:&quot;&quot;,&quot;bottom&quot;:&quot;&quot;,&quot;left&quot;:&quot;&quot;,&quot;isLinked&quot;:true},&quot;element_pack_global_tooltip_border_radius&quot;:{&quot;unit&quot;:&quot;px&quot;,&quot;top&quot;:&quot;&quot;,&quot;right&quot;:&quot;&quot;,&quot;bottom&quot;:&quot;&quot;,&quot;left&quot;:&quot;&quot;,&quot;isLinked&quot;:true},&quot;element_pack_global_tooltip_border_radius_tablet&quot;:{&quot;unit&quot;:&quot;px&quot;,&quot;top&quot;:&quot;&quot;,&quot;right&quot;:&quot;&quot;,&quot;bottom&quot;:&quot;&quot;,&quot;left&quot;:&quot;&quot;,&quot;isLinked&quot;:true},&quot;element_pack_global_tooltip_border_radius_mobile&quot;:{&quot;unit&quot;:&quot;px&quot;,&quot;top&quot;:&quot;&quot;,&quot;right&quot;:&quot;&quot;,&quot;bottom&quot;:&quot;&quot;,&quot;left&quot;:&quot;&quot;,&quot;isLinked&quot;:true}}\" data-elementor-post-type=\"page\">\n\t\t\t\t<div class=\"elementor-element elementor-element-377b6ad e-con-full e-flex magic-button-disabled-no e-con e-parent\" data-id=\"377b6ad\" data-element_type=\"container\" data-settings=\"{&quot;background_background&quot;:&quot;classic&quot;}\">\n\t\t<div class=\"elementor-element elementor-element-8e9231d e-flex e-con-boxed magic-button-disabled-no e-con e-child\" data-id=\"8e9231d\" data-element_type=\"container\">\n\t\t\t\t\t<div class=\"e-con-inner\">\n\t\t<div class=\"elementor-element elementor-element-a329b63 e-con-full e-flex magic-button-disabled-no e-con e-child\" data-id=\"a329b63\" data-element_type=\"container\" data-settings=\"{&quot;background_background&quot;:&quot;classic&quot;}\">\n\t\t\t\t<div class=\"elementor-element elementor-element-20845c1 elementor-widget elementor-widget-heading\" data-id=\"20845c1\" data-element_type=\"widget\" data-widget_type=\"heading.default\">\n\t\t\t\t<div class=\"elementor-widget-container\">\n\t\t\t\t\t<h1 class=\"elementor-heading-title elementor-size-default\">Blogs<\/h1>\t\t\t\t<\/div>\n\t\t\t\t<\/div>\n\t\t\t\t<div class=\"elementor-element elementor-element-ecef60d elementor-widget-divider--view-line elementor-widget elementor-widget-divider\" data-id=\"ecef60d\" data-element_type=\"widget\" data-widget_type=\"divider.default\">\n\t\t\t\t<div class=\"elementor-widget-container\">\n\t\t\t\t\t\t\t<div class=\"elementor-divider\">\n\t\t\t<span class=\"elementor-divider-separator\">\n\t\t\t\t\t\t<\/span>\n\t\t<\/div>\n\t\t\t\t\t\t<\/div>\n\t\t\t\t<\/div>\n\t\t\t\t<div class=\"elementor-element elementor-element-fab1426 elementor-widget elementor-widget-text-editor\" data-id=\"fab1426\" data-element_type=\"widget\" data-widget_type=\"text-editor.default\">\n\t\t\t\t<div class=\"elementor-widget-container\">\n\t\t\t\t\t\t\t\t\t<div data-page-id=\"ENd7dbMQRoE9uKxqP9mcBpUYnIc\" data-lark-html-role=\"root\" data-docx-has-block-data=\"false\"><div class=\"ace-line ace-line old-record-id-AhjQdhj8LoEy8Pxv9DocsxOpnud\">Tu fuente de confianza sobre piedra sinterizada para art\u00edculos t\u00e9cnicos, informaci\u00f3n sobre productos y novedades a nivel mundial.<\/div><\/div>\t\t\t\t\t\t\t\t<\/div>\n\t\t\t\t<\/div>\n\t\t\t\t<\/div>\n\t\t<div class=\"elementor-element elementor-element-74cebac e-con-full elementor-hidden-mobile e-flex magic-button-disabled-no e-con e-child\" data-id=\"74cebac\" data-element_type=\"container\">\n\t\t\t\t<\/div>\n\t\t\t\t\t<\/div>\n\t\t\t\t<\/div>\n\t\t\t\t<\/div>\n\t\t<div class=\"elementor-element elementor-element-74c1aa8 e-con-full e-flex magic-button-disabled-no e-con e-parent\" data-id=\"74c1aa8\" data-element_type=\"container\" data-settings=\"{&quot;background_background&quot;:&quot;classic&quot;}\">\n\t\t<div class=\"elementor-element elementor-element-e06fea7 e-flex e-con-boxed magic-button-disabled-no e-con e-child\" data-id=\"e06fea7\" data-element_type=\"container\">\n\t\t\t\t\t<div class=\"e-con-inner\">\n\t\t\t\t<div class=\"elementor-element elementor-element-fb7758d elementor-widget elementor-widget-pp-breadcrumbs\" data-id=\"fb7758d\" data-element_type=\"widget\" data-settings=\"{&quot;breadcrumbs_type&quot;:&quot;powerpack&quot;}\" data-widget_type=\"pp-breadcrumbs.default\">\n\t\t\t\t<div class=\"elementor-widget-container\">\n\t\t\t\t\t<ul class=\"pp-breadcrumbs pp-breadcrumbs-powerpack\">\t\t<li class=\"pp-breadcrumbs-item pp-breadcrumbs-item-home\">\n\t\t\t<a class=\"pp-breadcrumbs-crumb pp-breadcrumbs-crumb-link pp-breadcrumbs-crumb-home\" href=\"https:\/\/www.bigccslab.com\/es\" title=\"Inicio\">\n\t\t\t\t<span class=\"pp-breadcrumbs-text\">\n\t\t\t\t\t\t\t\t\t\tInicio\t\t\t\t<\/span>\n\t\t\t<\/a>\n\t\t<\/li>\n\t\t<li class=\"pp-breadcrumbs-separator\">\t\t\t\t<span class='pp-separator-icon pp-icon'>\n\t\t\t\t\t<i aria-hidden=\"true\" class=\"fas fa-angle-right\"><\/i>\t\t\t\t<\/span>\n\t\t\t\t<\/li><\/ul>\t\t\t\t<\/div>\n\t\t\t\t<\/div>\n\t\t\t\t\t<\/div>\n\t\t\t\t<\/div>\n\t\t\t\t<\/div>\n\t\t<div class=\"elementor-element elementor-element-7a65817 e-flex e-con-boxed magic-button-disabled-no e-con e-parent\" data-id=\"7a65817\" data-element_type=\"container\">\n\t\t\t\t\t<div class=\"e-con-inner\">\n\t\t\t\t<div class=\"elementor-element elementor-element-9233abb bdt-navigation-type-arrows bdt-carousel-style-carousel elementor-widget elementor-widget-bdt-carousel\" data-id=\"9233abb\" data-element_type=\"widget\" data-widget_type=\"bdt-carousel.bdt-vertical\">\n\t\t\t\t<div class=\"elementor-widget-container\">\n\t\t\t\t\t        <div id=\"bdt-carousel-9233abb\" class=\"bdt-arrows-align-center bdt-ep-carousel bdt-ep-carousel-skin-vertical\" data-settings=\"{&quot;autoplay&quot;:{&quot;delay&quot;:5000,&quot;disableOnInteraction&quot;:false},&quot;loop&quot;:true,&quot;speed&quot;:500,&quot;slidesPerView&quot;:1,&quot;slidesPerGroup&quot;:1,&quot;effect&quot;:&quot;carousel&quot;,&quot;breakpoints&quot;:{&quot;767&quot;:{&quot;slidesPerView&quot;:1,&quot;spaceBetween&quot;:0,&quot;slidesPerGroup&quot;:1},&quot;1023&quot;:{&quot;slidesPerView&quot;:1,&quot;spaceBetween&quot;:35,&quot;slidesPerGroup&quot;:1}},&quot;navigation&quot;:{&quot;nextEl&quot;:&quot;#bdt-carousel-9233abb .bdt-navigation-next&quot;,&quot;prevEl&quot;:&quot;#bdt-carousel-9233abb .bdt-navigation-prev&quot;},&quot;pagination&quot;:{&quot;el&quot;:&quot;#bdt-carousel-9233abb .swiper-pagination&quot;,&quot;type&quot;:&quot;&quot;,&quot;clickable&quot;:&quot;true&quot;,&quot;dynamicBullets&quot;:false},&quot;scrollbar&quot;:{&quot;el&quot;:&quot;#bdt-carousel-9233abb .swiper-scrollbar&quot;,&quot;hide&quot;:&quot;true&quot;},&quot;coverflowEffect&quot;:{&quot;rotate&quot;:50,&quot;stretch&quot;:0,&quot;depth&quot;:100,&quot;modifier&quot;:1,&quot;slideShadows&quot;:true}}\">\n            <div class=\"swiper-carousel swiper\" role=\"region\" aria-roledescription=\"carousel\" aria-label=\"Carrusel\" dir=\"ltr\">\n                <div class=\"swiper-wrapper\">\n                    <div class=\"bdt-ep-carousel-item swiper-slide  post-12660 blogs type-blogs status-publish hentry\">\n        \t\t\t<div class=\"bdt-ep-carousel-layout-vertical\">\n\t\t\t\t<div class=\"bdt-grid bdt-grid-small\" bdt-grid>\n\t\t\t\t\t<div class=\"bdt-width-1-2@m\">\n\n\t\t        <div class=\"bdt-ep-carousel-thumbnail\">\n\n                            <a href=\"https:\/\/www.bigccslab.com\/es\/blogs\/bigcc-sintered-stone-for-kitchen-island\/\" \n                title=\"Piedra sinterizada Bigcc para isla de cocina\">\n                \n                <img decoding=\"async\" src=\"https:\/\/www.bigccslab.com\/wp-content\/plugins\/elementor\/assets\/images\/placeholder.png\" alt=\"Piedra sinterizada Bigcc para isla de cocina\">\n                                <\/a>\n            \n        <\/div>\n    \t\t\n\t\t\t<\/div>\n\t\t\t<div class=\"bdt-width-expand\">\n\t\t\t        <div class=\"bdt-ep-carousel-desc\">\n                    \n        \n        <h4 class=\"bdt-ep-carousel-title bdt-margin-small-bottom bdt-margin-remove-top\">\n            <a href=\"https:\/\/www.bigccslab.com\/es\/blogs\/bigcc-sintered-stone-for-kitchen-island\/\">\n                Piedra sinterizada Bigcc para isla de cocina            <\/a>\n        <\/h4>\n            <div class=\"bdt-ep-carousel-meta bdt-subnav bdt-flex-middle bdt-margin-small-top\" data-bdt-margin>\n                    <span class=\"pc-date\">\n            <span>\n                24 de noviembre de 2025            <\/span>\n        <\/span>\n            <\/div>\n            <div class=\"bdt-ep-carousel-excerpt\">\n            <p>1. Conozca la piedra sinterizada de Bigcc. Piedra sinterizada de Bigcc en isla de cocina.<\/p>\n        <\/div>\n            <a class=\"bdt-ep-carousel-button elementor-button elementor-size-sm\" href=\"https:\/\/www.bigccslab.com\/es\/blogs\/bigcc-sintered-stone-for-kitchen-island\/\">\n            <span >\n                Leer m\u00e1s\n                            <\/span>\n\n        <\/a>\n            <\/div>\n    \t\t\t\t\t<\/div>\n\t\t\t\t<\/div>\n\t\t\t<\/div>\n\t\t\t        <\/div>\n            <div class=\"bdt-ep-carousel-item swiper-slide  post-5831 blogs type-blogs status-publish has-post-thumbnail hentry\">\n        \t\t\t<div class=\"bdt-ep-carousel-layout-vertical\">\n\t\t\t\t<div class=\"bdt-grid bdt-grid-small\" bdt-grid>\n\t\t\t\t\t<div class=\"bdt-width-1-2@m\">\n\n\t\t        <div class=\"bdt-ep-carousel-thumbnail\">\n\n                            <a href=\"https:\/\/www.bigccslab.com\/es\/blogs\/blogs-7\/\" \n                title=\"Bienvenido al sitio web oficial de Bigccslab\">\n                \n                <img alt=\"\" decoding=\"async\" width=\"1920\" height=\"1080\" src=\"https:\/\/www.bigccslab.com\/wp-content\/uploads\/2025\/09\/\u5899\u97622.webp\" class=\"attachment-full size-full wp-image-9731\" srcset=\"https:\/\/www.bigccslab.com\/wp-content\/uploads\/2025\/09\/\u5899\u97622.webp 1920w, https:\/\/www.bigccslab.com\/wp-content\/uploads\/2025\/09\/\u5899\u97622-300x169.webp 300w, https:\/\/www.bigccslab.com\/wp-content\/uploads\/2025\/09\/\u5899\u97622-1024x576.webp 1024w, https:\/\/www.bigccslab.com\/wp-content\/uploads\/2025\/09\/\u5899\u97622-768x432.webp 768w, https:\/\/www.bigccslab.com\/wp-content\/uploads\/2025\/09\/\u5899\u97622-1536x864.webp 1536w, https:\/\/www.bigccslab.com\/wp-content\/uploads\/2025\/09\/\u5899\u97622-600x338.webp 600w\" sizes=\"(max-width: 1920px) 100vw, 1920px\" \/>\n                                <\/a>\n            \n        <\/div>\n    \t\t\n\t\t\t<\/div>\n\t\t\t<div class=\"bdt-width-expand\">\n\t\t\t        <div class=\"bdt-ep-carousel-desc\">\n                    \n        \n        <h4 class=\"bdt-ep-carousel-title bdt-margin-small-bottom bdt-margin-remove-top\">\n            <a href=\"https:\/\/www.bigccslab.com\/es\/blogs\/blogs-7\/\">\n                Bienvenido al sitio web oficial de Bigccslab.            <\/a>\n        <\/h4>\n            <div class=\"bdt-ep-carousel-meta bdt-subnav bdt-flex-middle bdt-margin-small-top\" data-bdt-margin>\n                    <span class=\"pc-date\">\n            <span>\n                5 de agosto de 2025            <\/span>\n        <\/span>\n            <\/div>\n            <div class=\"bdt-ep-carousel-excerpt\">\n            <p>Tu fuente de confianza sobre piedra sinterizada para art\u00edculos t\u00e9cnicos, informaci\u00f3n sobre productos y novedades a nivel mundial.<\/p>\n        <\/div>\n            <a class=\"bdt-ep-carousel-button elementor-button elementor-size-sm\" href=\"https:\/\/www.bigccslab.com\/es\/blogs\/blogs-7\/\">\n            <span >\n                Leer m\u00e1s\n                            <\/span>\n\n        <\/a>\n            <\/div>\n    \t\t\t\t\t<\/div>\n\t\t\t\t<\/div>\n\t\t\t<\/div>\n\t\t\t        <\/div>\n    \t\t<\/div>\n\t\t\t\t<\/div>\n\n\t\t\t\t\t\t\t\t\t\t\t<div class=\"bdt-position-z-index bdt-position-center\">\n\t\t\t\t<div class=\"bdt-arrows-container bdt-slidenav-container\">\n\t\t\t\t\t<div class=\"bdt-navigation-prev bdt-slidenav-previous bdt-icon bdt-slidenav\">\n\t\t\t\t\t\t<i class=\"ep-icon-arrow-left-3\" aria-hidden=\"true\"><\/i>\n\t\t\t\t\t<\/div>\n\t\t\t\t\t<div class=\"bdt-navigation-next bdt-slidenav-next bdt-icon bdt-slidenav\">\n\t\t\t\t\t\t<i class=\"ep-icon-arrow-right-3\" aria-hidden=\"true\"><\/i>\n\t\t\t\t\t<\/div>\n\t\t\t\t<\/div>\n\t\t\t<\/div>\n\t\t\t\t\n\t\t<\/div>\n\n\t\t\t\t<\/div>\n\t\t\t\t<\/div>\n\t\t\t\t\t<\/div>\n\t\t\t\t<\/div>\n\t\t<div class=\"elementor-element elementor-element-b276d70 e-flex e-con-boxed magic-button-disabled-no e-con e-parent\" data-id=\"b276d70\" data-element_type=\"container\">\n\t\t\t\t\t<div class=\"e-con-inner\">\n\t\t\t\t<div class=\"elementor-element elementor-element-87e26f9 elementor-widget__width-initial elementor-widget elementor-widget-ucaddon_post_blocks\" data-id=\"87e26f9\" data-element_type=\"widget\" data-widget_type=\"ucaddon_post_blocks.default\">\n\t\t\t\t<div class=\"elementor-widget-container\">\n\t\t\t\t\t\n<!-- start Post Blocks -->\n\t\t<link id='font-awesome-css' href='https:\/\/www.bigccslab.com\/wp-content\/plugins\/unlimited-elements-for-elementor-premium\/assets_libraries\/font-awesome6\/fontawesome-all.min.css' type='text\/css' rel='stylesheet' >\n\t\t<link id='font-awesome-4-shim-css' href='https:\/\/www.bigccslab.com\/wp-content\/plugins\/unlimited-elements-for-elementor-premium\/assets_libraries\/font-awesome6\/fontawesome-v4-shims.min.css' type='text\/css' rel='stylesheet' >\n\n<style>\/* widget: Post Blocks *\/\n\n\n\n#uc_post_blocks_elementor_87e26f9 {\n    display:grid;\n}\n#uc_post_blocks_elementor_87e26f9 .ue_post_blocks_box\n{\n  overflow:hidden;\n}\n\n#uc_post_blocks_elementor_87e26f9 .ue_post_blocks_image\n{\n  overflow:hidden;\n}\n#uc_post_blocks_elementor_87e26f9 .ue_post_blocks_image img\n{\n  width:100%;\n  display:block;\n}\n#uc_post_blocks_elementor_87e26f9 .ue_post_blocks_link a\n{\n  display:inline-block;\n  text-decoration:none;\n  text-align:center;\n}\n\n\n#uc_post_blocks_elementor_87e26f9 .ue-grid-item-meta-data\n{\n  display:inlin-flex;\n  flex-wrap: wrap;\n}\n\n.ue-grid-item-meta-data\n{\n  font-size:12px;\n}\n\n#uc_post_blocks_elementor_87e26f9 .ue-grid-item-meta-data-icon\n{\n  line-height:1em;\n}\n\n#uc_post_blocks_elementor_87e26f9 .ue-grid-item-meta-data-icon svg\n{\n  width:1em;\n  height:1em;\n}\n\n#uc_post_blocks_elementor_87e26f9 .ue_post_blocks_box{\n  display: flex;\n  flex-direction: column;\n}\n#uc_post_blocks_elementor_87e26f9 .ue_post_blocks_content{\n display: flex; flex-grow: 1;\n flex-direction: column;\n}\n#uc_post_blocks_elementor_87e26f9 .ue_post_blocks_link{ margin-top: auto;\n}\n\n.ue-grid-item-category a\n{\n  display:inline-block;\n  font-size:10px;\n  text-transform:uppercase;\n}\n\n\n\n\n<\/style>\n\n<div id=\"uc_post_blocks_elementor_87e26f9\" class=\"ue_post_blocks uc-items-wrapper uc-filterable-grid\"  data-ajax='true'  data-filterbehave='ajax'  querydata='{&quot;count_posts&quot;:2,&quot;total_posts&quot;:2,&quot;page&quot;:1,&quot;num_pages&quot;:1}'>\n    <div class=\"ue_post_blocks_box\">\n    <div class=\"ue_post_blocks_image\">\n    <a href=\"https:\/\/www.bigccslab.com\/es\/blogs\/bigcc-sintered-stone-for-kitchen-island\/\" style=\"display:block;\"><img decoding=\"async\" src=\"https:\/\/www.bigccslab.com\/wp-content\/uploads\/2025\/09\/\u53a8\u623f\u5e94\u75281.webp\"  alt=\"Aplicaci\u00f3n para la cocina 1\" width=\"1920\" height=\"960\"><\/a>\n  <\/div>\n    <div class=\"ue_post_blocks_content\">\n      \n     \n               <div class=\"ue-grid-item-meta-data\">\n            <div class=\"ue-grid-item-meta-data-date\"><span class=\"ue-grid-item-meta-data-icon\"><i class='fas fa-calendar-week'><\/i><\/span> 24 de noviembre de 2025<\/div>                    \t  \n    \t<\/div>\n         \n    <div class=\"ue_post_blocks_title\"><a href=\"https:\/\/www.bigccslab.com\/es\/blogs\/bigcc-sintered-stone-for-kitchen-island\/\">Piedra sinterizada Bigcc para isla de cocina<\/a><\/div>    \n        \n    \n    <div class=\"ue_post_blocks_text\">1. Conozca la piedra sinterizada de Bigcc. Piedra sinterizada de Bigcc en isla de cocina.<\/div>        \t<div class=\"ue_post_blocks_link\">\n          <a class=\"\" href='https:\/\/www.bigccslab.com\/es\/blogs\/bigcc-sintered-stone-for-kitchen-island\/'>Leer m\u00e1s<\/a>\n    \t<\/div>\n      <\/div>\n<\/div>\n<div class=\"ue_post_blocks_box\">\n    <div class=\"ue_post_blocks_image\">\n    <a href=\"https:\/\/www.bigccslab.com\/es\/blogs\/blogs-7\/\" style=\"display:block;\"><img loading=\"lazy\" decoding=\"async\" src=\"https:\/\/www.bigccslab.com\/wp-content\/uploads\/2025\/09\/\u5899\u97622.webp\"  alt=\"Pared 2\" width=\"1920\" height=\"1080\"><\/a>\n  <\/div>\n    <div class=\"ue_post_blocks_content\">\n      \n     \n               <div class=\"ue-grid-item-meta-data\">\n            <div class=\"ue-grid-item-meta-data-date\"><span class=\"ue-grid-item-meta-data-icon\"><i class='fas fa-calendar-week'><\/i><\/span> 5 de agosto de 2025<\/div>                    \t  \n    \t<\/div>\n         \n    <div class=\"ue_post_blocks_title\"><a href=\"https:\/\/www.bigccslab.com\/es\/blogs\/blogs-7\/\">Bienvenido al sitio web oficial de Bigccslab.<\/a><\/div>    \n        \n    \n    <div class=\"ue_post_blocks_text\">Tu fuente de confianza sobre piedra sinterizada para art\u00edculos t\u00e9cnicos, informaci\u00f3n sobre productos y novedades a nivel mundial.<\/div>        \t<div class=\"ue_post_blocks_link\">\n          <a class=\"\" href='https:\/\/www.bigccslab.com\/es\/blogs\/blogs-7\/'>Leer m\u00e1s<\/a>\n    \t<\/div>\n      <\/div>\n<\/div>\n\n<\/div>\n<!-- end Post Blocks -->\t\t\t\t<\/div>\n\t\t\t\t<\/div>\n\t\t\t\t<div class=\"elementor-element elementor-element-90af22c elementor-widget elementor-widget-ucaddon_archive_pagination\" data-id=\"90af22c\" data-element_type=\"widget\" data-widget_type=\"ucaddon_archive_pagination.default\">\n\t\t\t\t<div class=\"elementor-widget-container\">\n\t\t\t\t\t\n<!-- start Post Pagination -->\n\n<style>\/* widget: Post Pagination *\/\n\n#uc_archive_pagination_elementor_90af22c nav{\n  padding:0px;\n  margin:0px;\n}\n\n#uc_archive_pagination_elementor_90af22c {\n  display:flex;\n  flex-wrap: wrap;\n  justify-content:center;\n}\n\n#uc_archive_pagination_elementor_90af22c .nav-links{\n  display:flex;\n  justify-content:center;\n}\n\n#uc_archive_pagination_elementor_90af22c .page-numbers{\n  display:flex;  \n  align-items:center;\n  justify-content:center;\n  transition:0.3s;\n  line-height:1em;\n}\n\n#uc_archive_pagination_elementor_90af22c a.page-numbers, \n#uc_archive_pagination_elementor_90af22c .dots{\n  color:#FFFFFF;\n  background-color:#115C3B;\n}\n\n#uc_archive_pagination_elementor_90af22c a.page-numbers:hover{\n  color:#115C3B;\n  background-color:#FCCF00;\n}\n\n#uc_archive_pagination_elementor_90af22c .page-numbers.current,\n#uc_archive_pagination_elementor_90af22c .page-numbers.current:hover{\n  background-color:#FCCF00;\n  color:#115C3B;\n}\n\n#uc_archive_pagination_elementor_90af22c .page-numbers.prev, #uc_archive_pagination_elementor_90af22c .page-numbers.next{\n  padding-left:15px;\n  padding-right:15px;\n}\n\n\n  #uc_archive_pagination_elementor_90af22c .archive_pagination-icons{\n    display: none;\n  }\n\n  #uc_archive_pagination_elementor_90af22c .archive_pagination-prev-icon {     \n            padding-right:10px;\n       }\n\n  #uc_archive_pagination_elementor_90af22c .archive_pagination-next-icon {\n            padding-left:10px;\n       }\n\n\n#uc_archive_pagination_elementor_90af22c.uc-ajax-loading{\n\topacity:1 !important;\n}\n\n#uc_archive_pagination_elementor_90af22c.uc-ajax-loading .current{\n\tposition:relative;\n    overflow:hidden;\n}\n\n\n  #uc_archive_pagination_elementor_90af22c.uc-ajax-loading .current:before{\n    content: \"\";\n    display:block;\n    width:100%;\n    height:100%;\n    box-sizing:border-box;\n    position:absolute;\n    top:0px;\n    left:0px;\n    background-color: #c2c2c2;\n    animation: uc-spinning-border 0.5s linear infinite;\n    opacity:50%;\n    border-radius:inherit;\n  }\n\n  @keyframes uc-spinning-border {\n      0%{transform: scale(0);}\n      100%{transform: scale(1); }\t\n  }\n\n\n\n<\/style>\n\n<div id=\"uc_archive_pagination_elementor_90af22c\" class=\"archive_pagination uc-filter-pagination\">\n    \n  <div class=\"archive_pagination-icons\">\n    <span class=\"archive_pagination-next-icon\"><i class='fas fa-chevron-right'><\/i><\/span>\n    <span class=\"archive_pagination-prev-icon\"><i class='fas fa-chevron-left'><\/i><\/span>\n  <\/div>\n<\/div>\n<!-- end Post Pagination -->\t\t\t\t<\/div>\n\t\t\t\t<\/div>\n\t\t\t\t\t<\/div>\n\t\t\t\t<\/div>\n\t\t\t\t<\/div>","protected":false},"excerpt":{"rendered":"<p>Blogs: tu fuente de confianza sobre piedra sinterizada con art\u00edculos t\u00e9cnicos, informaci\u00f3n sobre productos y novedades a nivel mundial. Inicio Blogs 5 de agosto de 2025: tu fuente de confianza sobre piedra sinterizada con art\u00edculos t\u00e9cnicos, informaci\u00f3n sobre productos y novedades a nivel mundial. Leer m\u00e1s Blogs 5 de agosto de 2025: tu fuente de confianza sobre piedra sinterizada con art\u00edculos t\u00e9cnicos, informaci\u00f3n sobre productos y novedades a nivel mundial. Leer m\u00e1s Blogs 5 de agosto de [\u2026]<\/p>","protected":false},"author":4,"featured_media":0,"parent":0,"menu_order":0,"comment_status":"closed","ping_status":"closed","template":"elementor_header_footer","meta":{"_acf_changed":false,"_seopress_robots_primary_cat":"","_seopress_titles_title":"BIGCC Blog: Sintered Stone Insights & Resources","_seopress_titles_desc":"Explore BIGCC's expert blog covering sintered stone trends, technical guidance, product innovations, and industry updates.","_seopress_robots_index":"","footnotes":""},"class_list":["post-1230","page","type-page","status-publish","hentry"],"acf":[],"_links":{"self":[{"href":"https:\/\/www.bigccslab.com\/es\/wp-json\/wp\/v2\/pages\/1230","targetHints":{"allow":["GET"]}}],"collection":[{"href":"https:\/\/www.bigccslab.com\/es\/wp-json\/wp\/v2\/pages"}],"about":[{"href":"https:\/\/www.bigccslab.com\/es\/wp-json\/wp\/v2\/types\/page"}],"author":[{"embeddable":true,"href":"https:\/\/www.bigccslab.com\/es\/wp-json\/wp\/v2\/users\/4"}],"replies":[{"embeddable":true,"href":"https:\/\/www.bigccslab.com\/es\/wp-json\/wp\/v2\/comments?post=1230"}],"version-history":[{"count":0,"href":"https:\/\/www.bigccslab.com\/es\/wp-json\/wp\/v2\/pages\/1230\/revisions"}],"wp:attachment":[{"href":"https:\/\/www.bigccslab.com\/es\/wp-json\/wp\/v2\/media?parent=1230"}],"curies":[{"name":"wp","href":"https:\/\/api.w.org\/{rel}","templated":true}]}}