{"id":6853,"date":"2025-08-25T09:33:26","date_gmt":"2025-08-25T09:33:26","guid":{"rendered":"https:\/\/bigccslab.com\/?page_id=6853"},"modified":"2025-09-22T01:13:21","modified_gmt":"2025-09-22T01:13:21","slug":"customized-size","status":"publish","type":"page","link":"https:\/\/www.bigccslab.com\/es\/customized-products\/customized-size\/","title":{"rendered":"Tama\u00f1o personalizado"},"content":{"rendered":"<div data-elementor-type=\"wp-page\" data-elementor-id=\"6853\" class=\"elementor elementor-6853\" data-elementor-settings=\"{&quot;element_pack_global_tooltip_width&quot;:{&quot;unit&quot;:&quot;px&quot;,&quot;size&quot;:&quot;&quot;,&quot;sizes&quot;:[]},&quot;element_pack_global_tooltip_width_tablet&quot;:{&quot;unit&quot;:&quot;px&quot;,&quot;size&quot;:&quot;&quot;,&quot;sizes&quot;:[]},&quot;element_pack_global_tooltip_width_mobile&quot;:{&quot;unit&quot;:&quot;px&quot;,&quot;size&quot;:&quot;&quot;,&quot;sizes&quot;:[]},&quot;element_pack_global_tooltip_padding&quot;:{&quot;unit&quot;:&quot;px&quot;,&quot;top&quot;:&quot;&quot;,&quot;right&quot;:&quot;&quot;,&quot;bottom&quot;:&quot;&quot;,&quot;left&quot;:&quot;&quot;,&quot;isLinked&quot;:true},&quot;element_pack_global_tooltip_padding_tablet&quot;:{&quot;unit&quot;:&quot;px&quot;,&quot;top&quot;:&quot;&quot;,&quot;right&quot;:&quot;&quot;,&quot;bottom&quot;:&quot;&quot;,&quot;left&quot;:&quot;&quot;,&quot;isLinked&quot;:true},&quot;element_pack_global_tooltip_padding_mobile&quot;:{&quot;unit&quot;:&quot;px&quot;,&quot;top&quot;:&quot;&quot;,&quot;right&quot;:&quot;&quot;,&quot;bottom&quot;:&quot;&quot;,&quot;left&quot;:&quot;&quot;,&quot;isLinked&quot;:true},&quot;element_pack_global_tooltip_border_radius&quot;:{&quot;unit&quot;:&quot;px&quot;,&quot;top&quot;:&quot;&quot;,&quot;right&quot;:&quot;&quot;,&quot;bottom&quot;:&quot;&quot;,&quot;left&quot;:&quot;&quot;,&quot;isLinked&quot;:true},&quot;element_pack_global_tooltip_border_radius_tablet&quot;:{&quot;unit&quot;:&quot;px&quot;,&quot;top&quot;:&quot;&quot;,&quot;right&quot;:&quot;&quot;,&quot;bottom&quot;:&quot;&quot;,&quot;left&quot;:&quot;&quot;,&quot;isLinked&quot;:true},&quot;element_pack_global_tooltip_border_radius_mobile&quot;:{&quot;unit&quot;:&quot;px&quot;,&quot;top&quot;:&quot;&quot;,&quot;right&quot;:&quot;&quot;,&quot;bottom&quot;:&quot;&quot;,&quot;left&quot;:&quot;&quot;,&quot;isLinked&quot;:true}}\" data-elementor-post-type=\"page\">\n\t\t\t\t<div class=\"elementor-element elementor-element-8bb93e1 e-con-full e-flex magic-button-disabled-no e-con e-parent\" data-id=\"8bb93e1\" data-element_type=\"container\" data-settings=\"{&quot;background_background&quot;:&quot;classic&quot;}\">\n\t\t<div class=\"elementor-element elementor-element-9f0d4f9 e-flex e-con-boxed magic-button-disabled-no e-con e-child\" data-id=\"9f0d4f9\" data-element_type=\"container\">\n\t\t\t\t\t<div class=\"e-con-inner\">\n\t\t<div class=\"elementor-element elementor-element-b982044 e-con-full e-flex magic-button-disabled-no e-con e-child\" data-id=\"b982044\" data-element_type=\"container\" data-settings=\"{&quot;background_background&quot;:&quot;classic&quot;}\">\n\t\t\t\t<div class=\"elementor-element elementor-element-3605be8 elementor-widget elementor-widget-heading\" data-id=\"3605be8\" data-element_type=\"widget\" data-widget_type=\"heading.default\">\n\t\t\t\t<div class=\"elementor-widget-container\">\n\t\t\t\t\t<h1 class=\"elementor-heading-title elementor-size-default\">Tama\u00f1o personalizado<\/h1>\t\t\t\t<\/div>\n\t\t\t\t<\/div>\n\t\t\t\t<div class=\"elementor-element elementor-element-ece0cec elementor-widget-divider--view-line elementor-widget elementor-widget-divider\" data-id=\"ece0cec\" data-element_type=\"widget\" data-widget_type=\"divider.default\">\n\t\t\t\t<div class=\"elementor-widget-container\">\n\t\t\t\t\t\t\t<div class=\"elementor-divider\">\n\t\t\t<span class=\"elementor-divider-separator\">\n\t\t\t\t\t\t<\/span>\n\t\t<\/div>\n\t\t\t\t\t\t<\/div>\n\t\t\t\t<\/div>\n\t\t\t\t<\/div>\n\t\t<div class=\"elementor-element elementor-element-ecc8006 e-con-full elementor-hidden-mobile e-flex magic-button-disabled-no e-con e-child\" data-id=\"ecc8006\" data-element_type=\"container\">\n\t\t\t\t<\/div>\n\t\t\t\t\t<\/div>\n\t\t\t\t<\/div>\n\t\t\t\t<\/div>\n\t\t<div class=\"elementor-element elementor-element-2c2be48 e-con-full e-flex magic-button-disabled-no e-con e-parent\" data-id=\"2c2be48\" data-element_type=\"container\" data-settings=\"{&quot;background_background&quot;:&quot;classic&quot;}\">\n\t\t<div class=\"elementor-element elementor-element-550f407 e-flex e-con-boxed magic-button-disabled-no e-con e-child\" data-id=\"550f407\" data-element_type=\"container\">\n\t\t\t\t\t<div class=\"e-con-inner\">\n\t\t\t\t<div class=\"elementor-element elementor-element-9188e5d elementor-widget elementor-widget-pp-breadcrumbs\" data-id=\"9188e5d\" data-element_type=\"widget\" data-settings=\"{&quot;breadcrumbs_type&quot;:&quot;powerpack&quot;}\" data-widget_type=\"pp-breadcrumbs.default\">\n\t\t\t\t<div class=\"elementor-widget-container\">\n\t\t\t\t\t<ul class=\"pp-breadcrumbs pp-breadcrumbs-powerpack\">\t\t<li class=\"pp-breadcrumbs-item pp-breadcrumbs-item-home\">\n\t\t\t<a class=\"pp-breadcrumbs-crumb pp-breadcrumbs-crumb-link pp-breadcrumbs-crumb-home\" href=\"https:\/\/www.bigccslab.com\/es\" title=\"Inicio\">\n\t\t\t\t<span class=\"pp-breadcrumbs-text\">\n\t\t\t\t\t\t\t\t\t\tInicio\t\t\t\t<\/span>\n\t\t\t<\/a>\n\t\t<\/li>\n\t\t<li class=\"pp-breadcrumbs-separator\">\t\t\t\t<span class='pp-separator-icon pp-icon'>\n\t\t\t\t\t<i aria-hidden=\"true\" class=\"fas fa-angle-right\"><\/i>\t\t\t\t<\/span>\n\t\t\t\t<\/li><\/ul>\t\t\t\t<\/div>\n\t\t\t\t<\/div>\n\t\t\t\t\t<\/div>\n\t\t\t\t<\/div>\n\t\t\t\t<\/div>\n\t\t<div class=\"elementor-element elementor-element-7e9bb95 e-flex e-con-boxed magic-button-disabled-no e-con e-parent\" data-id=\"7e9bb95\" data-element_type=\"container\">\n\t\t\t\t\t<div class=\"e-con-inner\">\n\t\t\t\t<div class=\"elementor-element elementor-element-8039c89 elementor-widget elementor-widget-heading\" data-id=\"8039c89\" data-element_type=\"widget\" data-widget_type=\"heading.default\">\n\t\t\t\t<div class=\"elementor-widget-container\">\n\t\t\t\t\t<h2 class=\"elementor-heading-title elementor-size-default\">\u00bfPor qu\u00e9 somos l\u00edderes en piedra sinterizada personalizada?<\/h2>\t\t\t\t<\/div>\n\t\t\t\t<\/div>\n\t\t\t\t<div class=\"elementor-element elementor-element-a6f164b elementor-widget elementor-widget-text-editor\" data-id=\"a6f164b\" data-element_type=\"widget\" data-widget_type=\"text-editor.default\">\n\t\t\t\t<div class=\"elementor-widget-container\">\n\t\t\t\t\t\t\t\t\t<div data-page-id=\"IiscdZlLyo6BEFx9jTscsEaXnLf\" data-lark-html-role=\"root\" data-docx-has-block-data=\"false\"><div data-page-id=\"SZuFdHD8Ko5rxbxPbvFcr6Y0nTb\" data-lark-html-role=\"root\" data-docx-has-block-data=\"false\"><div class=\"ace-line ace-line old-record-id-Y3Jddt6NmoFx8Exy0GdcGZqLnpc\"><div data-page-id=\"SZuFdHD8Ko5rxbxPbvFcr6Y0nTb\" data-lark-html-role=\"root\" data-docx-has-block-data=\"false\"><div class=\"ace-line ace-line old-record-id-Y3Jddt6NmoFx8Exy0GdcGZqLnpc\">Elija BIGCC para obtener soluciones personalizadas de piedra sinterizada que combinan precisi\u00f3n, innovaci\u00f3n y un servicio al cliente excepcional.<\/div><\/div><\/div><\/div><\/div>\t\t\t\t\t\t\t\t<\/div>\n\t\t\t\t<\/div>\n\t\t\t\t<div class=\"elementor-element elementor-element-d2b6fbe elementor-widget-divider--view-line elementor-widget elementor-widget-divider\" data-id=\"d2b6fbe\" data-element_type=\"widget\" data-widget_type=\"divider.default\">\n\t\t\t\t<div class=\"elementor-widget-container\">\n\t\t\t\t\t\t\t<div class=\"elementor-divider\">\n\t\t\t<span class=\"elementor-divider-separator\">\n\t\t\t\t\t\t<\/span>\n\t\t<\/div>\n\t\t\t\t\t\t<\/div>\n\t\t\t\t<\/div>\n\t\t<div class=\"elementor-element elementor-element-c9f2c77 e-con-full e-flex magic-button-disabled-no e-con e-child\" data-id=\"c9f2c77\" data-element_type=\"container\">\n\t\t<div class=\"elementor-element elementor-element-cd808fa e-con-full e-flex magic-button-disabled-no e-con e-child\" data-id=\"cd808fa\" data-element_type=\"container\">\n\t\t\t\t<div class=\"elementor-element elementor-element-493d709 elementor-widget elementor-widget-ucaddon_expanding_content_cards\" data-id=\"493d709\" data-element_type=\"widget\" data-widget_type=\"ucaddon_expanding_content_cards.default\">\n\t\t\t\t<div class=\"elementor-widget-container\">\n\t\t\t\t\t\n<!-- start Expanding Content Cards -->\n\t\t<link id='font-awesome-css' href='https:\/\/www.bigccslab.com\/wp-content\/plugins\/unlimited-elements-for-elementor-premium\/assets_libraries\/font-awesome6\/fontawesome-all.min.css' type='text\/css' rel='stylesheet' >\n\t\t<link id='font-awesome-4-shim-css' href='https:\/\/www.bigccslab.com\/wp-content\/plugins\/unlimited-elements-for-elementor-premium\/assets_libraries\/font-awesome6\/fontawesome-v4-shims.min.css' type='text\/css' rel='stylesheet' >\n\n<style>\/* widget: Expanding Content Cards *\/\n\n\n\n#uc_expanding_content_cards_elementor_493d709.exp-wrapper {\n  box-sizing: border-box;\n  display: flex;\n  flex-direction: row;\n  justify-content: center;\n  align-items: center;\n}\n#uc_expanding_content_cards_elementor_493d709.exp-wrapper{\n  width:100%;\n}\n#uc_expanding_content_cards_elementor_493d709.exp-wrapper .ue_options {\n  display: flex;\n  align-items: center;\n  flex-direction: row;\n  justify-content: center;\n  min-width: 200px;\n  width:100%;\n}\n#uc_expanding_content_cards_elementor_493d709.exp-wrapper .ue_options .ue_option {\n  box-sizing: border-box;\n  display: flex;\n  position: relative;\n  overflow: hidden;\n  cursor: pointer;\n  justify-content: center;\n  background-repeat: no-repeat;\n  background-size: cover;\n}\n\n#uc_expanding_content_cards_elementor_493d709.exp-wrapper .ue_options .ue_option::after{\n  content: \"\";\n  position: absolute;\n  width: 100%;\n  height: 100%;\n  top: 0;\n  left: 0;\n  transition: all .3s;\n}\n  #uc_expanding_content_cards_elementor_493d709.exp-wrapper .ue_options .ue_option.active::after{\n      backdrop-filter: none;\n      -webkit-backdrop-filter: none;\n  }\n#uc_expanding_content_cards_elementor_493d709.exp-wrapper .ue_options .ue_option.active {\n  flex-grow: 10000;\n}\n\n#uc_expanding_content_cards_elementor_493d709.exp-wrapper .ue_options .ue_option:not(.active) {\n  justify-content: center;\n}\n#uc_expanding_content_cards_elementor_493d709.exp-wrapper .ue_options .ue_option .ue_shadow {\n  position: absolute;\n  bottom: 0px;\n  left: 0px;\n  right: 0px;\n  height: 100%;\n  z-index:1;\n  transition: 800ms;\n}\n#uc_expanding_content_cards_elementor_493d709.exp-wrapper .ue_option:not(.active) .ue_label {\n  align-items: center;\n}\n#uc_expanding_content_cards_elementor_493d709.exp-wrapper .ue_options .ue_option .ue_label {\n  display: flex;\n  z-index:2;\n  }\n#uc_expanding_content_cards_elementor_493d709.exp-wrapper .ue_options .ue_option.active .ue_label{\n  animation-name: sub-content-fade;\n}\n@keyframes sub-content-fade{\n  0%   {opacity:0;}\n  80%  {opacity:0;}\n  100% {opacity:1;}\n}\n #uc_expanding_content_cards_elementor_493d709.exp-wrapper .ue_content_link{\n     width:100%\n  }\n#uc_expanding_content_cards_elementor_493d709.exp-wrapper .ue_options .ue_option:not(.active) .ue_content_link{\n  pointer-events: none;\n}\n#uc_expanding_content_cards_elementor_493d709.exp-wrapper .ue_content_link.ue_content_link--hover-mode{\n  position: absolute;\n  width: 100%;\n  height: 100%;\n}\n\n\n#uc_expanding_content_cards_elementor_493d709.exp-wrapper .ue_options .ue_option.active .ue_label .ue_info > div {\n  left: 0px;\n  width:100%;\n}\n#uc_expanding_content_cards_elementor_493d709.exp-wrapper .ue_options .ue_option:not(.active) .ue_label .ue_info > div {\n  left: 0px;\n  opacity: 0;\n  width: 0px;\n  height: 0px;\n  transition: width 0ms;\n}\n\n#uc_expanding_content_cards_elementor_493d709.exp-wrapper .ue_options .ue_option .ue_label .ue_info > div {\n  position: relative;\n  }\n#uc_expanding_content_cards_elementor_493d709.exp-wrapper  .ue_options .ue_option .ue_label .ue_info {\n  display: flex;\n  align-items: center;\n  justify-content: center;\n}\n\n\n\n@media screen and (max-width: 520px) {\n\n#uc_expanding_content_cards_elementor_493d709.exp-wrapper .ue_options .ue_option::after{\n  backdrop-filter: none;\n  -webkit-backdrop-filter: none;\n}\n#uc_expanding_content_cards_elementor_493d709.exp-wrapper .ue_options .active.ue_option::after{\n  backdrop-filter: none;\n  -webkit-backdrop-filter: none;\n}\n#uc_expanding_content_cards_elementor_493d709.exp-wrapper .ue_options {\n  display: grid;\n}\n#uc_expanding_content_cards_elementor_493d709.exp-wrapper .ue_options .ue_option{\n    width: 100%;\n}\n  \n \n  \n  \n  #uc_expanding_content_cards_elementor_493d709 .ue_option.active{\n    height:300px;\n  }\n  #uc_expanding_content_cards_elementor_493d709 .ue_option{\n    height:100px;\n  }\n  #uc_expanding_content_cards_elementor_493d709.exp-wrapper .ue_options .ue_option:not(.active) .ue_label .ue_info .ue_main {\n    writing-mode: horizontal-tb;\n  }\n \n  \n}\n\n<\/style>\n\n<div id=\"uc_expanding_content_cards_elementor_493d709\" class=\"exp-wrapper\" data-selecteditem=\"\"  >\n  <div class=\"ue_options uc-items-wrapper\">\n   <div id=\"uc_expanding_content_cards_elementor_493d709_item1\" class=\"ue_option elementor-repeater-item-b614506  active\" style=\"background-image:url(https:\/\/www.bigccslab.com\/wp-content\/uploads\/2025\/09\/\u5ba4\u591612.webp);\">\n      <div class=\"ue_shadow\"><\/div>      <div id=\"Proven Industry Expertise\" class=\"ue_label\">\n         \n                           \n         <a class=\"ue_content_link ue_content_link--hover-mode\" href=\"\" ><\/a>        \n                 \n           <div class=\"ue_info\">\n            <div class=\"ue_main\">Experiencia comprobada en el sector<\/div>                             <div class=\"ue_sub\"> Con m\u00e1s de 5000 proyectos exitosos a nuestras espaldas, contamos con los conocimientos necesarios para sinterizar piedra y adaptarla a numerosas aplicaciones, tanto residenciales como comerciales. <\/div>                                                        <\/div>\n        \n                \n              <\/div>\n      \n<\/div>\n<div id=\"uc_expanding_content_cards_elementor_493d709_item2\" class=\"ue_option elementor-repeater-item-9a00f9a\" style=\"background-image:url(https:\/\/www.bigccslab.com\/wp-content\/uploads\/2025\/09\/\u5ba4\u59168.webp);\">\n      <div class=\"ue_shadow\"><\/div>      <div id=\"Endless Customization\" class=\"ue_label\">\n         \n                           \n         <a class=\"ue_content_link ue_content_link--hover-mode\" href=\"\" ><\/a>        \n                 \n           <div class=\"ue_info\">\n            <div class=\"ue_main\">Personalizaci\u00f3n sin l\u00edmites<\/div>                             <div class=\"ue_sub\"> Ofrecemos personalizaci\u00f3n ilimitada en cuanto a tama\u00f1os, grosores, colores, superficies, patrones, logotipos, etc., y nos aseguramos de satisfacer las necesidades espec\u00edficas de su proyecto. <\/div>                                                        <\/div>\n        \n                \n              <\/div>\n      \n<\/div>\n<div id=\"uc_expanding_content_cards_elementor_493d709_item3\" class=\"ue_option elementor-repeater-item-929154e\" style=\"background-image:url(https:\/\/www.bigccslab.com\/wp-content\/uploads\/2025\/09\/\u5de5\u53822.webp);\">\n      <div class=\"ue_shadow\"><\/div>      <div id=\"Advanced Technology\" class=\"ue_label\">\n         \n                           \n         <a class=\"ue_content_link ue_content_link--hover-mode\" href=\"\" ><\/a>        \n                 \n           <div class=\"ue_info\">\n            <div class=\"ue_main\">Tecnolog\u00eda avanzada<\/div>                             <div class=\"ue_sub\"> Nuestra maquinaria de producci\u00f3n de \u00faltima generaci\u00f3n, como las prensas italianas SACMI de 38,000 toneladas y las impresoras de inyecci\u00f3n de tinta de 10 canales espa\u00f1olas Torrecid, proporcionan resultados de alta precisi\u00f3n, lo que nos permite fabricar productos personalizados con una precisi\u00f3n perfecta y una calidad uniforme. <\/div>                                                        <\/div>\n        \n                \n              <\/div>\n      \n<\/div>\n<div id=\"uc_expanding_content_cards_elementor_493d709_item4\" class=\"ue_option elementor-repeater-item-7d0d3ae\" style=\"background-image:url(https:\/\/www.bigccslab.com\/wp-content\/uploads\/2025\/09\/\u5fae\u4fe1\u56fe\u7247_20250911162758_37_18-scaled.jpg);\">\n      <div class=\"ue_shadow\"><\/div>      <div id=\"Large-Scale Production Capacity\" class=\"ue_label\">\n         \n                           \n         <a class=\"ue_content_link ue_content_link--hover-mode\" href=\"\" ><\/a>        \n                 \n           <div class=\"ue_info\">\n            <div class=\"ue_main\">Capacidad de producci\u00f3n a gran escala<\/div>                             <div class=\"ue_sub\"> Con cuatro plantas de fabricaci\u00f3n y diez l\u00edneas de producci\u00f3n, podemos gestionar pedidos tanto a peque\u00f1a como a gran escala. Los pedidos personalizados se entregan normalmente en un plazo de 20 d\u00edas, con opciones de entrega urgente disponibles bajo petici\u00f3n para satisfacer las necesidades de proyectos urgentes. <\/div>                                                        <\/div>\n        \n                \n              <\/div>\n      \n<\/div>\n<div id=\"uc_expanding_content_cards_elementor_493d709_item5\" class=\"ue_option elementor-repeater-item-06da9fd\" style=\"background-image:url(https:\/\/www.bigccslab.com\/wp-content\/uploads\/2025\/09\/\u51fa\u53e3\u90e8\u7167\u7247\u539f\u56fe-scaled.jpg);\">\n      <div class=\"ue_shadow\"><\/div>      <div id=\"Personalized Support\" class=\"ue_label\">\n         \n                           \n         <a class=\"ue_content_link ue_content_link--hover-mode\" href=\"\" ><\/a>        \n                 \n           <div class=\"ue_info\">\n            <div class=\"ue_main\">Asistencia personalizada<\/div>                             <div class=\"ue_sub\"> Nuestro equipo ofrece asesoramiento personalizado, desde la consulta inicial hasta la entrega, garantizando que cada proyecto se ajuste a su visi\u00f3n y requisitos espec\u00edficos. <\/div>                                                        <\/div>\n        \n                \n              <\/div>\n      \n<\/div>\n\n  <\/div>\n<\/div>\n<!-- end Expanding Content Cards -->\t\t\t\t<\/div>\n\t\t\t\t<\/div>\n\t\t\t\t<\/div>\n\t\t\t\t<\/div>\n\t\t\t\t\t<\/div>\n\t\t\t\t<\/div>\n\t\t<div class=\"elementor-element elementor-element-a9f3028 e-flex e-con-boxed magic-button-disabled-no e-con e-parent\" data-id=\"a9f3028\" data-element_type=\"container\">\n\t\t\t\t\t<div class=\"e-con-inner\">\n\t\t<div class=\"elementor-element elementor-element-3e7f9fc e-con-full e-flex magic-button-disabled-no e-con e-child\" data-id=\"3e7f9fc\" data-element_type=\"container\" data-settings=\"{&quot;background_background&quot;:&quot;classic&quot;}\">\n\t\t\t\t<div class=\"elementor-element elementor-element-d1c6728 elementor-widget elementor-widget-heading\" data-id=\"d1c6728\" data-element_type=\"widget\" data-widget_type=\"heading.default\">\n\t\t\t\t<div class=\"elementor-widget-container\">\n\t\t\t\t\t<h2 class=\"elementor-heading-title elementor-size-default\">\u00bfListo para crear algo \u00fanico?<\/h2>\t\t\t\t<\/div>\n\t\t\t\t<\/div>\n\t\t\t\t<div class=\"elementor-element elementor-element-3822fba elementor-widget elementor-widget-text-editor\" data-id=\"3822fba\" data-element_type=\"widget\" data-widget_type=\"text-editor.default\">\n\t\t\t\t<div class=\"elementor-widget-container\">\n\t\t\t\t\t\t\t\t\t<div data-page-id=\"IiscdZlLyo6BEFx9jTscsEaXnLf\" data-lark-html-role=\"root\" data-docx-has-block-data=\"false\"><div class=\"ace-line ace-line old-record-id-DqPPdruyIobm3gxxfpAch1HtnSg\"><div data-page-id=\"AciqdFEsFoXkgBxNSb4cxvsQnZp\" data-lark-html-role=\"root\" data-docx-has-block-data=\"false\"><div class=\"ace-line ace-line old-record-id-LIkZdj0Kyo0CYSxNkI4clYHFniD\"><div data-page-id=\"DtXcdxeJPoiREfxk5D6cUZT1nef\" data-lark-html-role=\"root\" data-docx-has-block-data=\"false\"><div class=\"ace-line ace-line old-record-id-Xdmsd7EeToYIeHxxRVXcfdkqnAb\"><div data-page-id=\"EdhFdQgHvo4sVxxIGF4cLvcNnRh\" data-lark-html-role=\"root\" data-docx-has-block-data=\"false\"><div class=\"ace-line ace-line old-record-id-ImIqdgpaFooq9mxmNmLch4Nsnvf\"><div data-page-id=\"MHvOdyzYToFvFYxTPGxcjwSRnbg\" data-lark-html-role=\"root\" data-docx-has-block-data=\"false\"><div class=\"ace-line ace-line old-record-id-C5DodNC8ZoT66IxvtODcBqXYnMf\"><div data-page-id=\"Y7SjdnYXioJ0vmx2HBgcq0I3nZe\" data-lark-html-role=\"root\" data-docx-has-block-data=\"false\"><div class=\"ace-line ace-line old-record-id-LLrcdzfCKoXkEHxF5tDcxo8OnCb\"><div data-page-id=\"SZuFdHD8Ko5rxbxPbvFcr6Y0nTb\" data-lark-html-role=\"root\" data-docx-has-block-data=\"false\"><div class=\"ace-line ace-line old-record-id-FFNVdOTBfoaJE5xnwMLcxGWWnjd\">Ya sea que est\u00e9 trabajando en un proyecto residencial, comercial o industrial, nuestro equipo est\u00e1 listo para ayudarle en cada paso del camino. Consulte nuestro <span style=\"color: #115c3b;\"><a style=\"color: #115c3b;\" href=\"https:\/\/www.bigccslab.com\/es\/custom-solution\/\" data-lark-is-custom=\"true\">soluci\u00f3n personalizada<\/a><\/span> hoy mismo y deje que nuestros expertos le gu\u00eden a lo largo del proceso.<\/div><\/div><\/div><\/div><\/div><\/div><\/div><\/div><\/div><\/div><\/div><\/div><\/div><\/div>\t\t\t\t\t\t\t\t<\/div>\n\t\t\t\t<\/div>\n\t\t\t\t<div class=\"elementor-element elementor-element-c4ded05 elementor-align-left elementor-widget elementor-widget-button\" data-id=\"c4ded05\" data-element_type=\"widget\" data-widget_type=\"button.default\">\n\t\t\t\t<div class=\"elementor-widget-container\">\n\t\t\t\t\t\t\t\t\t<div class=\"elementor-button-wrapper\">\n\t\t\t\t\t<a class=\"elementor-button elementor-button-link elementor-size-sm elementor-animation-grow\" href=\"#elementor-action%3Aaction%3Dpopup%3Aopen%26settings%3DeyJpZCI6IjM5MDQiLCJ0b2dnbGUiOmZhbHNlfQ%3D%3D\">\n\t\t\t\t\t\t<span class=\"elementor-button-content-wrapper\">\n\t\t\t\t\t\t\t\t\t<span class=\"elementor-button-text\">Hable con nuestro especialista en personalizaci\u00f3n<\/span>\n\t\t\t\t\t<\/span>\n\t\t\t\t\t<\/a>\n\t\t\t\t<\/div>\n\t\t\t\t\t\t\t\t<\/div>\n\t\t\t\t<\/div>\n\t\t\t\t<\/div>\n\t\t<div class=\"elementor-element elementor-element-2dec6da e-con-full e-flex magic-button-disabled-no e-con e-child\" data-id=\"2dec6da\" data-element_type=\"container\" data-settings=\"{&quot;background_background&quot;:&quot;classic&quot;}\">\n\t\t\t\t<\/div>\n\t\t\t\t\t<\/div>\n\t\t\t\t<\/div>\n\t\t\t\t<\/div>","protected":false},"excerpt":{"rendered":"<p>Tama\u00f1o personalizado Inicio \u00bfPor qu\u00e9 somos l\u00edderes en piedra sinterizada personalizada? Elija BIGCC para obtener soluciones de piedra sinterizada personalizadas que combinan precisi\u00f3n, innovaci\u00f3n y un servicio al cliente excepcional. Experiencia probada en el sector Con m\u00e1s de 5000 proyectos exitosos a nuestras espaldas, contamos con los conocimientos necesarios para sinterizar piedra y adaptarla a numerosas aplicaciones, tanto residenciales como comerciales. Personalizaci\u00f3n ilimitada Nosotros [\u2026]<\/p>","protected":false},"author":4,"featured_media":0,"parent":6814,"menu_order":0,"comment_status":"closed","ping_status":"closed","template":"","meta":{"_acf_changed":false,"_seopress_robots_primary_cat":"","_seopress_titles_title":"Customized Size Sintered Stone | Flexible Slab Dimensions","_seopress_titles_desc":"Choose customized slab sizes to match your unique project needs. We provide flexible dimensions for countertops, walls, and large-scale architectural use.","_seopress_robots_index":"","footnotes":""},"class_list":["post-6853","page","type-page","status-publish","hentry"],"acf":[],"_links":{"self":[{"href":"https:\/\/www.bigccslab.com\/es\/wp-json\/wp\/v2\/pages\/6853","targetHints":{"allow":["GET"]}}],"collection":[{"href":"https:\/\/www.bigccslab.com\/es\/wp-json\/wp\/v2\/pages"}],"about":[{"href":"https:\/\/www.bigccslab.com\/es\/wp-json\/wp\/v2\/types\/page"}],"author":[{"embeddable":true,"href":"https:\/\/www.bigccslab.com\/es\/wp-json\/wp\/v2\/users\/4"}],"replies":[{"embeddable":true,"href":"https:\/\/www.bigccslab.com\/es\/wp-json\/wp\/v2\/comments?post=6853"}],"version-history":[{"count":0,"href":"https:\/\/www.bigccslab.com\/es\/wp-json\/wp\/v2\/pages\/6853\/revisions"}],"up":[{"embeddable":true,"href":"https:\/\/www.bigccslab.com\/es\/wp-json\/wp\/v2\/pages\/6814"}],"wp:attachment":[{"href":"https:\/\/www.bigccslab.com\/es\/wp-json\/wp\/v2\/media?parent=6853"}],"curies":[{"name":"wp","href":"https:\/\/api.w.org\/{rel}","templated":true}]}}