{"id":6859,"date":"2025-08-25T09:34:00","date_gmt":"2025-08-25T09:34:00","guid":{"rendered":"https:\/\/bigccslab.com\/?page_id=6859"},"modified":"2025-09-22T01:22:06","modified_gmt":"2025-09-22T01:22:06","slug":"customized-color","status":"publish","type":"page","link":"https:\/\/www.bigccslab.com\/es\/customized-products\/customized-color\/","title":{"rendered":"Color personalizado"},"content":{"rendered":"<div data-elementor-type=\"wp-page\" data-elementor-id=\"6859\" class=\"elementor elementor-6859\" data-elementor-settings=\"{&quot;element_pack_global_tooltip_width&quot;:{&quot;unit&quot;:&quot;px&quot;,&quot;size&quot;:&quot;&quot;,&quot;sizes&quot;:[]},&quot;element_pack_global_tooltip_width_tablet&quot;:{&quot;unit&quot;:&quot;px&quot;,&quot;size&quot;:&quot;&quot;,&quot;sizes&quot;:[]},&quot;element_pack_global_tooltip_width_mobile&quot;:{&quot;unit&quot;:&quot;px&quot;,&quot;size&quot;:&quot;&quot;,&quot;sizes&quot;:[]},&quot;element_pack_global_tooltip_padding&quot;:{&quot;unit&quot;:&quot;px&quot;,&quot;top&quot;:&quot;&quot;,&quot;right&quot;:&quot;&quot;,&quot;bottom&quot;:&quot;&quot;,&quot;left&quot;:&quot;&quot;,&quot;isLinked&quot;:true},&quot;element_pack_global_tooltip_padding_tablet&quot;:{&quot;unit&quot;:&quot;px&quot;,&quot;top&quot;:&quot;&quot;,&quot;right&quot;:&quot;&quot;,&quot;bottom&quot;:&quot;&quot;,&quot;left&quot;:&quot;&quot;,&quot;isLinked&quot;:true},&quot;element_pack_global_tooltip_padding_mobile&quot;:{&quot;unit&quot;:&quot;px&quot;,&quot;top&quot;:&quot;&quot;,&quot;right&quot;:&quot;&quot;,&quot;bottom&quot;:&quot;&quot;,&quot;left&quot;:&quot;&quot;,&quot;isLinked&quot;:true},&quot;element_pack_global_tooltip_border_radius&quot;:{&quot;unit&quot;:&quot;px&quot;,&quot;top&quot;:&quot;&quot;,&quot;right&quot;:&quot;&quot;,&quot;bottom&quot;:&quot;&quot;,&quot;left&quot;:&quot;&quot;,&quot;isLinked&quot;:true},&quot;element_pack_global_tooltip_border_radius_tablet&quot;:{&quot;unit&quot;:&quot;px&quot;,&quot;top&quot;:&quot;&quot;,&quot;right&quot;:&quot;&quot;,&quot;bottom&quot;:&quot;&quot;,&quot;left&quot;:&quot;&quot;,&quot;isLinked&quot;:true},&quot;element_pack_global_tooltip_border_radius_mobile&quot;:{&quot;unit&quot;:&quot;px&quot;,&quot;top&quot;:&quot;&quot;,&quot;right&quot;:&quot;&quot;,&quot;bottom&quot;:&quot;&quot;,&quot;left&quot;:&quot;&quot;,&quot;isLinked&quot;:true}}\" data-elementor-post-type=\"page\">\n\t\t\t\t<div class=\"elementor-element elementor-element-7c67f74 e-con-full e-flex magic-button-disabled-no e-con e-parent\" data-id=\"7c67f74\" data-element_type=\"container\" data-settings=\"{&quot;background_background&quot;:&quot;classic&quot;}\">\n\t\t<div class=\"elementor-element elementor-element-0e714f4 e-flex e-con-boxed magic-button-disabled-no e-con e-child\" data-id=\"0e714f4\" data-element_type=\"container\">\n\t\t\t\t\t<div class=\"e-con-inner\">\n\t\t<div class=\"elementor-element elementor-element-4ac2a87 e-con-full e-flex magic-button-disabled-no e-con e-child\" data-id=\"4ac2a87\" data-element_type=\"container\" data-settings=\"{&quot;background_background&quot;:&quot;classic&quot;}\">\n\t\t\t\t<div class=\"elementor-element elementor-element-44ab6e0 elementor-widget elementor-widget-heading\" data-id=\"44ab6e0\" data-element_type=\"widget\" data-widget_type=\"heading.default\">\n\t\t\t\t<div class=\"elementor-widget-container\">\n\t\t\t\t\t<h1 class=\"elementor-heading-title elementor-size-default\">Color personalizado<\/h1>\t\t\t\t<\/div>\n\t\t\t\t<\/div>\n\t\t\t\t<div class=\"elementor-element elementor-element-9abf554 elementor-widget-divider--view-line elementor-widget elementor-widget-divider\" data-id=\"9abf554\" data-element_type=\"widget\" data-widget_type=\"divider.default\">\n\t\t\t\t<div class=\"elementor-widget-container\">\n\t\t\t\t\t\t\t<div class=\"elementor-divider\">\n\t\t\t<span class=\"elementor-divider-separator\">\n\t\t\t\t\t\t<\/span>\n\t\t<\/div>\n\t\t\t\t\t\t<\/div>\n\t\t\t\t<\/div>\n\t\t\t\t<\/div>\n\t\t<div class=\"elementor-element elementor-element-5fd5995 e-con-full elementor-hidden-mobile e-flex magic-button-disabled-no e-con e-child\" data-id=\"5fd5995\" data-element_type=\"container\">\n\t\t\t\t<\/div>\n\t\t\t\t\t<\/div>\n\t\t\t\t<\/div>\n\t\t\t\t<\/div>\n\t\t<div class=\"elementor-element elementor-element-2990928 e-con-full e-flex magic-button-disabled-no e-con e-parent\" data-id=\"2990928\" data-element_type=\"container\" data-settings=\"{&quot;background_background&quot;:&quot;classic&quot;}\">\n\t\t<div class=\"elementor-element elementor-element-4576662 e-flex e-con-boxed magic-button-disabled-no e-con e-child\" data-id=\"4576662\" data-element_type=\"container\">\n\t\t\t\t\t<div class=\"e-con-inner\">\n\t\t\t\t<div class=\"elementor-element elementor-element-dd66716 elementor-widget elementor-widget-pp-breadcrumbs\" data-id=\"dd66716\" data-element_type=\"widget\" data-settings=\"{&quot;breadcrumbs_type&quot;:&quot;powerpack&quot;}\" data-widget_type=\"pp-breadcrumbs.default\">\n\t\t\t\t<div class=\"elementor-widget-container\">\n\t\t\t\t\t<ul class=\"pp-breadcrumbs pp-breadcrumbs-powerpack\">\t\t<li class=\"pp-breadcrumbs-item pp-breadcrumbs-item-home\">\n\t\t\t<a class=\"pp-breadcrumbs-crumb pp-breadcrumbs-crumb-link pp-breadcrumbs-crumb-home\" href=\"https:\/\/www.bigccslab.com\/es\" title=\"Inicio\">\n\t\t\t\t<span class=\"pp-breadcrumbs-text\">\n\t\t\t\t\t\t\t\t\t\tInicio\t\t\t\t<\/span>\n\t\t\t<\/a>\n\t\t<\/li>\n\t\t<li class=\"pp-breadcrumbs-separator\">\t\t\t\t<span class='pp-separator-icon pp-icon'>\n\t\t\t\t\t<i aria-hidden=\"true\" class=\"fas fa-angle-right\"><\/i>\t\t\t\t<\/span>\n\t\t\t\t<\/li><\/ul>\t\t\t\t<\/div>\n\t\t\t\t<\/div>\n\t\t\t\t\t<\/div>\n\t\t\t\t<\/div>\n\t\t\t\t<\/div>\n\t\t<div class=\"elementor-element elementor-element-20d1b59 e-flex e-con-boxed magic-button-disabled-no e-con e-parent\" data-id=\"20d1b59\" data-element_type=\"container\">\n\t\t\t\t\t<div class=\"e-con-inner\">\n\t\t\t\t<div class=\"elementor-element elementor-element-0a6d236 elementor-widget elementor-widget-heading\" data-id=\"0a6d236\" data-element_type=\"widget\" data-widget_type=\"heading.default\">\n\t\t\t\t<div class=\"elementor-widget-container\">\n\t\t\t\t\t<h2 class=\"elementor-heading-title elementor-size-default\">\u00bfPor qu\u00e9 somos l\u00edderes en piedra sinterizada personalizada?<\/h2>\t\t\t\t<\/div>\n\t\t\t\t<\/div>\n\t\t\t\t<div class=\"elementor-element elementor-element-8fa7e54 elementor-widget elementor-widget-text-editor\" data-id=\"8fa7e54\" data-element_type=\"widget\" data-widget_type=\"text-editor.default\">\n\t\t\t\t<div class=\"elementor-widget-container\">\n\t\t\t\t\t\t\t\t\t<div data-page-id=\"IiscdZlLyo6BEFx9jTscsEaXnLf\" data-lark-html-role=\"root\" data-docx-has-block-data=\"false\"><div data-page-id=\"SZuFdHD8Ko5rxbxPbvFcr6Y0nTb\" data-lark-html-role=\"root\" data-docx-has-block-data=\"false\"><div class=\"ace-line ace-line old-record-id-Y3Jddt6NmoFx8Exy0GdcGZqLnpc\"><div data-page-id=\"SZuFdHD8Ko5rxbxPbvFcr6Y0nTb\" data-lark-html-role=\"root\" data-docx-has-block-data=\"false\"><div class=\"ace-line ace-line old-record-id-Y3Jddt6NmoFx8Exy0GdcGZqLnpc\">Elija BIGCC para obtener soluciones personalizadas de piedra sinterizada que combinan precisi\u00f3n, innovaci\u00f3n y un servicio al cliente excepcional.<\/div><\/div><\/div><\/div><\/div>\t\t\t\t\t\t\t\t<\/div>\n\t\t\t\t<\/div>\n\t\t\t\t<div class=\"elementor-element elementor-element-0650c30 elementor-widget-divider--view-line elementor-widget elementor-widget-divider\" data-id=\"0650c30\" data-element_type=\"widget\" data-widget_type=\"divider.default\">\n\t\t\t\t<div class=\"elementor-widget-container\">\n\t\t\t\t\t\t\t<div class=\"elementor-divider\">\n\t\t\t<span class=\"elementor-divider-separator\">\n\t\t\t\t\t\t<\/span>\n\t\t<\/div>\n\t\t\t\t\t\t<\/div>\n\t\t\t\t<\/div>\n\t\t<div class=\"elementor-element elementor-element-82b7b61 e-con-full e-flex magic-button-disabled-no e-con e-child\" data-id=\"82b7b61\" data-element_type=\"container\">\n\t\t<div class=\"elementor-element elementor-element-b60c826 e-con-full e-flex magic-button-disabled-no e-con e-child\" data-id=\"b60c826\" data-element_type=\"container\">\n\t\t\t\t<div class=\"elementor-element elementor-element-b8621f1 elementor-widget elementor-widget-ucaddon_expanding_content_cards\" data-id=\"b8621f1\" data-element_type=\"widget\" data-widget_type=\"ucaddon_expanding_content_cards.default\">\n\t\t\t\t<div class=\"elementor-widget-container\">\n\t\t\t\t\t\n<!-- start Expanding Content Cards -->\n\t\t<link id='font-awesome-css' href='https:\/\/www.bigccslab.com\/wp-content\/plugins\/unlimited-elements-for-elementor-premium\/assets_libraries\/font-awesome6\/fontawesome-all.min.css' type='text\/css' rel='stylesheet' >\n\t\t<link id='font-awesome-4-shim-css' href='https:\/\/www.bigccslab.com\/wp-content\/plugins\/unlimited-elements-for-elementor-premium\/assets_libraries\/font-awesome6\/fontawesome-v4-shims.min.css' type='text\/css' rel='stylesheet' >\n\n<style>\/* widget: Expanding Content Cards *\/\n\n\n\n#uc_expanding_content_cards_elementor_b8621f1.exp-wrapper {\n  box-sizing: border-box;\n  display: flex;\n  flex-direction: row;\n  justify-content: center;\n  align-items: center;\n}\n#uc_expanding_content_cards_elementor_b8621f1.exp-wrapper{\n  width:100%;\n}\n#uc_expanding_content_cards_elementor_b8621f1.exp-wrapper .ue_options {\n  display: flex;\n  align-items: center;\n  flex-direction: row;\n  justify-content: center;\n  min-width: 200px;\n  width:100%;\n}\n#uc_expanding_content_cards_elementor_b8621f1.exp-wrapper .ue_options .ue_option {\n  box-sizing: border-box;\n  display: flex;\n  position: relative;\n  overflow: hidden;\n  cursor: pointer;\n  justify-content: center;\n  background-repeat: no-repeat;\n  background-size: cover;\n}\n\n#uc_expanding_content_cards_elementor_b8621f1.exp-wrapper .ue_options .ue_option::after{\n  content: \"\";\n  position: absolute;\n  width: 100%;\n  height: 100%;\n  top: 0;\n  left: 0;\n  transition: all .3s;\n}\n  #uc_expanding_content_cards_elementor_b8621f1.exp-wrapper .ue_options .ue_option.active::after{\n      backdrop-filter: none;\n      -webkit-backdrop-filter: none;\n  }\n#uc_expanding_content_cards_elementor_b8621f1.exp-wrapper .ue_options .ue_option.active {\n  flex-grow: 10000;\n}\n\n#uc_expanding_content_cards_elementor_b8621f1.exp-wrapper .ue_options .ue_option:not(.active) {\n  justify-content: center;\n}\n#uc_expanding_content_cards_elementor_b8621f1.exp-wrapper .ue_options .ue_option .ue_shadow {\n  position: absolute;\n  bottom: 0px;\n  left: 0px;\n  right: 0px;\n  height: 100%;\n  z-index:1;\n  transition: 800ms;\n}\n#uc_expanding_content_cards_elementor_b8621f1.exp-wrapper .ue_option:not(.active) .ue_label {\n  align-items: center;\n}\n#uc_expanding_content_cards_elementor_b8621f1.exp-wrapper .ue_options .ue_option .ue_label {\n  display: flex;\n  z-index:2;\n  }\n#uc_expanding_content_cards_elementor_b8621f1.exp-wrapper .ue_options .ue_option.active .ue_label{\n  animation-name: sub-content-fade;\n}\n@keyframes sub-content-fade{\n  0%   {opacity:0;}\n  80%  {opacity:0;}\n  100% {opacity:1;}\n}\n #uc_expanding_content_cards_elementor_b8621f1.exp-wrapper .ue_content_link{\n     width:100%\n  }\n#uc_expanding_content_cards_elementor_b8621f1.exp-wrapper .ue_options .ue_option:not(.active) .ue_content_link{\n  pointer-events: none;\n}\n#uc_expanding_content_cards_elementor_b8621f1.exp-wrapper .ue_content_link.ue_content_link--hover-mode{\n  position: absolute;\n  width: 100%;\n  height: 100%;\n}\n\n\n#uc_expanding_content_cards_elementor_b8621f1.exp-wrapper .ue_options .ue_option.active .ue_label .ue_info > div {\n  left: 0px;\n  width:100%;\n}\n#uc_expanding_content_cards_elementor_b8621f1.exp-wrapper .ue_options .ue_option:not(.active) .ue_label .ue_info > div {\n  left: 0px;\n  opacity: 0;\n  width: 0px;\n  height: 0px;\n  transition: width 0ms;\n}\n\n#uc_expanding_content_cards_elementor_b8621f1.exp-wrapper .ue_options .ue_option .ue_label .ue_info > div {\n  position: relative;\n  }\n#uc_expanding_content_cards_elementor_b8621f1.exp-wrapper  .ue_options .ue_option .ue_label .ue_info {\n  display: flex;\n  align-items: center;\n  justify-content: center;\n}\n\n\n\n@media screen and (max-width: 520px) {\n\n#uc_expanding_content_cards_elementor_b8621f1.exp-wrapper .ue_options .ue_option::after{\n  backdrop-filter: none;\n  -webkit-backdrop-filter: none;\n}\n#uc_expanding_content_cards_elementor_b8621f1.exp-wrapper .ue_options .active.ue_option::after{\n  backdrop-filter: none;\n  -webkit-backdrop-filter: none;\n}\n#uc_expanding_content_cards_elementor_b8621f1.exp-wrapper .ue_options {\n  display: grid;\n}\n#uc_expanding_content_cards_elementor_b8621f1.exp-wrapper .ue_options .ue_option{\n    width: 100%;\n}\n  \n \n  \n  \n  #uc_expanding_content_cards_elementor_b8621f1 .ue_option.active{\n    height:300px;\n  }\n  #uc_expanding_content_cards_elementor_b8621f1 .ue_option{\n    height:100px;\n  }\n  #uc_expanding_content_cards_elementor_b8621f1.exp-wrapper .ue_options .ue_option:not(.active) .ue_label .ue_info .ue_main {\n    writing-mode: horizontal-tb;\n  }\n \n  \n}\n\n<\/style>\n\n<div id=\"uc_expanding_content_cards_elementor_b8621f1\" class=\"exp-wrapper\" data-selecteditem=\"\"  >\n  <div class=\"ue_options uc-items-wrapper\">\n   <div id=\"uc_expanding_content_cards_elementor_b8621f1_item1\" class=\"ue_option elementor-repeater-item-b614506  active\" style=\"background-image:url(https:\/\/www.bigccslab.com\/wp-content\/uploads\/2025\/09\/\u5ba4\u591612.webp);\">\n      <div class=\"ue_shadow\"><\/div>      <div id=\"Proven Industry Expertise\" class=\"ue_label\">\n         \n                           \n         <a class=\"ue_content_link ue_content_link--hover-mode\" href=\"\" ><\/a>        \n                 \n           <div class=\"ue_info\">\n            <div class=\"ue_main\">Experiencia comprobada en el sector<\/div>                             <div class=\"ue_sub\"> Con m\u00e1s de 5000 proyectos exitosos a nuestras espaldas, contamos con los conocimientos necesarios para sinterizar piedra y adaptarla a numerosas aplicaciones, tanto residenciales como comerciales. <\/div>                                                        <\/div>\n        \n                \n              <\/div>\n      \n<\/div>\n<div id=\"uc_expanding_content_cards_elementor_b8621f1_item2\" class=\"ue_option elementor-repeater-item-9a00f9a\" style=\"background-image:url(https:\/\/www.bigccslab.com\/wp-content\/uploads\/2025\/09\/\u5ba4\u59168.webp);\">\n      <div class=\"ue_shadow\"><\/div>      <div id=\"Endless Customization\" class=\"ue_label\">\n         \n                           \n         <a class=\"ue_content_link ue_content_link--hover-mode\" href=\"\" ><\/a>        \n                 \n           <div class=\"ue_info\">\n            <div class=\"ue_main\">Personalizaci\u00f3n sin l\u00edmites<\/div>                             <div class=\"ue_sub\"> Ofrecemos personalizaci\u00f3n ilimitada en cuanto a tama\u00f1os, grosores, colores, superficies, patrones, logotipos, etc., y nos aseguramos de satisfacer las necesidades espec\u00edficas de su proyecto. <\/div>                                                        <\/div>\n        \n                \n              <\/div>\n      \n<\/div>\n<div id=\"uc_expanding_content_cards_elementor_b8621f1_item3\" class=\"ue_option elementor-repeater-item-929154e\" style=\"background-image:url(https:\/\/www.bigccslab.com\/wp-content\/uploads\/2025\/09\/\u5de5\u53822.webp);\">\n      <div class=\"ue_shadow\"><\/div>      <div id=\"Advanced Technology\" class=\"ue_label\">\n         \n                           \n         <a class=\"ue_content_link ue_content_link--hover-mode\" href=\"\" ><\/a>        \n                 \n           <div class=\"ue_info\">\n            <div class=\"ue_main\">Tecnolog\u00eda avanzada<\/div>                             <div class=\"ue_sub\"> Nuestra maquinaria de producci\u00f3n de \u00faltima generaci\u00f3n, como las prensas italianas SACMI de 38,000 toneladas y las impresoras de inyecci\u00f3n de tinta de 10 canales espa\u00f1olas Torrecid, proporcionan resultados de alta precisi\u00f3n, lo que nos permite fabricar productos personalizados con una precisi\u00f3n perfecta y una calidad uniforme. <\/div>                                                        <\/div>\n        \n                \n              <\/div>\n      \n<\/div>\n<div id=\"uc_expanding_content_cards_elementor_b8621f1_item4\" class=\"ue_option elementor-repeater-item-7d0d3ae\" style=\"background-image:url(https:\/\/www.bigccslab.com\/wp-content\/uploads\/2025\/09\/\u5fae\u4fe1\u56fe\u7247_20250911162758_37_18-scaled.jpg);\">\n      <div class=\"ue_shadow\"><\/div>      <div id=\"Large-Scale Production Capacity\" class=\"ue_label\">\n         \n                           \n         <a class=\"ue_content_link ue_content_link--hover-mode\" href=\"\" ><\/a>        \n                 \n           <div class=\"ue_info\">\n            <div class=\"ue_main\">Capacidad de producci\u00f3n a gran escala<\/div>                             <div class=\"ue_sub\"> Con cuatro plantas de fabricaci\u00f3n y diez l\u00edneas de producci\u00f3n, podemos gestionar pedidos tanto a peque\u00f1a como a gran escala. Los pedidos personalizados se entregan normalmente en un plazo de 20 d\u00edas, con opciones de entrega urgente disponibles bajo petici\u00f3n para satisfacer las necesidades de proyectos urgentes. <\/div>                                                        <\/div>\n        \n                \n              <\/div>\n      \n<\/div>\n<div id=\"uc_expanding_content_cards_elementor_b8621f1_item5\" class=\"ue_option elementor-repeater-item-06da9fd\" style=\"background-image:url(https:\/\/www.bigccslab.com\/wp-content\/uploads\/2025\/09\/\u51fa\u53e3\u90e8\u7167\u7247\u539f\u56fe-scaled.jpg);\">\n      <div class=\"ue_shadow\"><\/div>      <div id=\"Personalized Support\" class=\"ue_label\">\n         \n                           \n         <a class=\"ue_content_link ue_content_link--hover-mode\" href=\"\" ><\/a>        \n                 \n           <div class=\"ue_info\">\n            <div class=\"ue_main\">Asistencia personalizada<\/div>                             <div class=\"ue_sub\"> Nuestro equipo ofrece asesoramiento personalizado, desde la consulta inicial hasta la entrega, garantizando que cada proyecto se ajuste a su visi\u00f3n y requisitos espec\u00edficos. <\/div>                                                        <\/div>\n        \n                \n              <\/div>\n      \n<\/div>\n\n  <\/div>\n<\/div>\n<!-- end Expanding Content Cards -->\t\t\t\t<\/div>\n\t\t\t\t<\/div>\n\t\t\t\t<\/div>\n\t\t\t\t<\/div>\n\t\t\t\t\t<\/div>\n\t\t\t\t<\/div>\n\t\t<div class=\"elementor-element elementor-element-cdbd823 e-flex e-con-boxed magic-button-disabled-no e-con e-parent\" data-id=\"cdbd823\" data-element_type=\"container\">\n\t\t\t\t\t<div class=\"e-con-inner\">\n\t\t<div class=\"elementor-element elementor-element-d4aab08 e-con-full e-flex magic-button-disabled-no e-con e-child\" data-id=\"d4aab08\" data-element_type=\"container\" data-settings=\"{&quot;background_background&quot;:&quot;classic&quot;}\">\n\t\t\t\t<div class=\"elementor-element elementor-element-8d4e112 elementor-widget elementor-widget-heading\" data-id=\"8d4e112\" data-element_type=\"widget\" data-widget_type=\"heading.default\">\n\t\t\t\t<div class=\"elementor-widget-container\">\n\t\t\t\t\t<h2 class=\"elementor-heading-title elementor-size-default\">\u00bfListo para crear algo \u00fanico?<\/h2>\t\t\t\t<\/div>\n\t\t\t\t<\/div>\n\t\t\t\t<div class=\"elementor-element elementor-element-1dd9968 elementor-widget elementor-widget-text-editor\" data-id=\"1dd9968\" data-element_type=\"widget\" data-widget_type=\"text-editor.default\">\n\t\t\t\t<div class=\"elementor-widget-container\">\n\t\t\t\t\t\t\t\t\t<div data-page-id=\"IiscdZlLyo6BEFx9jTscsEaXnLf\" data-lark-html-role=\"root\" data-docx-has-block-data=\"false\"><div class=\"ace-line ace-line old-record-id-DqPPdruyIobm3gxxfpAch1HtnSg\"><div data-page-id=\"AciqdFEsFoXkgBxNSb4cxvsQnZp\" data-lark-html-role=\"root\" data-docx-has-block-data=\"false\"><div class=\"ace-line ace-line old-record-id-LIkZdj0Kyo0CYSxNkI4clYHFniD\"><div data-page-id=\"DtXcdxeJPoiREfxk5D6cUZT1nef\" data-lark-html-role=\"root\" data-docx-has-block-data=\"false\"><div class=\"ace-line ace-line old-record-id-Xdmsd7EeToYIeHxxRVXcfdkqnAb\"><div data-page-id=\"EdhFdQgHvo4sVxxIGF4cLvcNnRh\" data-lark-html-role=\"root\" data-docx-has-block-data=\"false\"><div class=\"ace-line ace-line old-record-id-ImIqdgpaFooq9mxmNmLch4Nsnvf\"><div data-page-id=\"MHvOdyzYToFvFYxTPGxcjwSRnbg\" data-lark-html-role=\"root\" data-docx-has-block-data=\"false\"><div class=\"ace-line ace-line old-record-id-C5DodNC8ZoT66IxvtODcBqXYnMf\"><div data-page-id=\"Y7SjdnYXioJ0vmx2HBgcq0I3nZe\" data-lark-html-role=\"root\" data-docx-has-block-data=\"false\"><div class=\"ace-line ace-line old-record-id-LLrcdzfCKoXkEHxF5tDcxo8OnCb\"><div data-page-id=\"SZuFdHD8Ko5rxbxPbvFcr6Y0nTb\" data-lark-html-role=\"root\" data-docx-has-block-data=\"false\"><div class=\"ace-line ace-line old-record-id-FFNVdOTBfoaJE5xnwMLcxGWWnjd\">Ya sea que est\u00e9 trabajando en un proyecto residencial, comercial o industrial, nuestro equipo est\u00e1 listo para ayudarle en cada paso del camino. Consulte nuestro <span style=\"color: #115c3b;\"><a style=\"color: #115c3b;\" href=\"https:\/\/www.bigccslab.com\/es\/custom-solution\/\" data-lark-is-custom=\"true\">soluci\u00f3n personalizada<\/a><\/span> hoy mismo y deje que nuestros expertos le gu\u00eden a lo largo del proceso.<\/div><\/div><\/div><\/div><\/div><\/div><\/div><\/div><\/div><\/div><\/div><\/div><\/div><\/div>\t\t\t\t\t\t\t\t<\/div>\n\t\t\t\t<\/div>\n\t\t\t\t<div class=\"elementor-element elementor-element-efa632f elementor-align-left elementor-widget elementor-widget-button\" data-id=\"efa632f\" data-element_type=\"widget\" data-widget_type=\"button.default\">\n\t\t\t\t<div class=\"elementor-widget-container\">\n\t\t\t\t\t\t\t\t\t<div class=\"elementor-button-wrapper\">\n\t\t\t\t\t<a class=\"elementor-button elementor-button-link elementor-size-sm elementor-animation-grow\" href=\"#elementor-action%3Aaction%3Dpopup%3Aopen%26settings%3DeyJpZCI6IjM5MDQiLCJ0b2dnbGUiOmZhbHNlfQ%3D%3D\">\n\t\t\t\t\t\t<span class=\"elementor-button-content-wrapper\">\n\t\t\t\t\t\t\t\t\t<span class=\"elementor-button-text\">Hable con nuestro especialista en personalizaci\u00f3n<\/span>\n\t\t\t\t\t<\/span>\n\t\t\t\t\t<\/a>\n\t\t\t\t<\/div>\n\t\t\t\t\t\t\t\t<\/div>\n\t\t\t\t<\/div>\n\t\t\t\t<\/div>\n\t\t<div class=\"elementor-element elementor-element-51a5a14 e-con-full e-flex magic-button-disabled-no e-con e-child\" data-id=\"51a5a14\" data-element_type=\"container\" data-settings=\"{&quot;background_background&quot;:&quot;classic&quot;}\">\n\t\t\t\t<\/div>\n\t\t\t\t\t<\/div>\n\t\t\t\t<\/div>\n\t\t\t\t<\/div>","protected":false},"excerpt":{"rendered":"<p>Color personalizado Inicio \u00bfPor qu\u00e9 somos l\u00edderes en piedra sinterizada personalizada? Elija BIGCC para obtener soluciones de piedra sinterizada personalizadas que combinan precisi\u00f3n, innovaci\u00f3n y un servicio al cliente excepcional. Experiencia probada en el sector Con m\u00e1s de 5000 proyectos realizados con \u00e9xito, contamos con los conocimientos t\u00e9cnicos necesarios para sinterizar piedra y adaptarla a numerosas aplicaciones, tanto residenciales como comerciales. Personalizaci\u00f3n ilimitada Nosotros [\u2026]<\/p>","protected":false},"author":4,"featured_media":0,"parent":6814,"menu_order":0,"comment_status":"closed","ping_status":"closed","template":"","meta":{"_acf_changed":false,"_seopress_robots_primary_cat":"","_seopress_titles_title":"Custom Color Options | Bespoke Sintered Stone Solutions","_seopress_titles_desc":"BIGCC offers customized color solutions for sintered stone, from timeless neutrals to bold tones, enabling unique spaces with personalized visual impact.","_seopress_robots_index":"","footnotes":""},"class_list":["post-6859","page","type-page","status-publish","hentry"],"acf":[],"_links":{"self":[{"href":"https:\/\/www.bigccslab.com\/es\/wp-json\/wp\/v2\/pages\/6859","targetHints":{"allow":["GET"]}}],"collection":[{"href":"https:\/\/www.bigccslab.com\/es\/wp-json\/wp\/v2\/pages"}],"about":[{"href":"https:\/\/www.bigccslab.com\/es\/wp-json\/wp\/v2\/types\/page"}],"author":[{"embeddable":true,"href":"https:\/\/www.bigccslab.com\/es\/wp-json\/wp\/v2\/users\/4"}],"replies":[{"embeddable":true,"href":"https:\/\/www.bigccslab.com\/es\/wp-json\/wp\/v2\/comments?post=6859"}],"version-history":[{"count":0,"href":"https:\/\/www.bigccslab.com\/es\/wp-json\/wp\/v2\/pages\/6859\/revisions"}],"up":[{"embeddable":true,"href":"https:\/\/www.bigccslab.com\/es\/wp-json\/wp\/v2\/pages\/6814"}],"wp:attachment":[{"href":"https:\/\/www.bigccslab.com\/es\/wp-json\/wp\/v2\/media?parent=6859"}],"curies":[{"name":"wp","href":"https:\/\/api.w.org\/{rel}","templated":true}]}}